{"id":914,"date":"2021-02-16T17:22:13","date_gmt":"2021-02-16T17:22:13","guid":{"rendered":"https:\/\/gpsites.co\/cloud\/?page_id=9"},"modified":"2025-03-20T12:29:41","modified_gmt":"2025-03-20T12:29:41","slug":"home","status":"publish","type":"page","link":"https:\/\/klaud-ia.com\/en\/","title":{"rendered":"Home"},"content":{"rendered":"<div class=\"gb-container gb-container-6bff6dc5\">\n<div class=\"gb-container gb-container-e5987bb8\">\n<div class=\"gb-container gb-container-1441dfeb\">\n\n<h1 class=\"gb-headline gb-headline-1f9858a2 gb-headline-text\">Transforma tu negocio con <mark class=\"gb-highlight\">Inteligencia Artificial y Automatizaci\u00f3n<\/mark> avanzada<\/h1>\n\n\n\n<p class=\"gb-headline gb-headline-3560bafb gb-headline-text\"><strong>En Klaud-IA, llevamos tu empresa al siguiente nivel con soluciones basadas en inteligencia artificial que optimizan operaciones, mejoran la atenci\u00f3n al cliente y reducen costos operativos. <\/strong><br><br><strong> Impulsamos tu negocio con tecnolog\u00eda de vanguardia.<\/strong><\/p>\n\n\n\n<a class=\"gb-button gb-button-9d145d46\" href=\"\/en\/soluciones\/\"><span class=\"gb-button-text\">Descubre nuestras soluciones<\/span><span class=\"gb-icon\"><svg viewbox=\"0 0 16 16\" class=\"bi bi-arrow-right-short\" height=\"16\" width=\"16\" xmlns=\"http:\/\/www.w3.org\/2000\/svg\">   <path d=\"M4 8a.5.5 0 0 1 .5-.5h5.793L8.146 5.354a.5.5 0 1 1 .708-.708l3 3a.5.5 0 0 1 0 .708l-3 3a.5.5 0 0 1-.708-.708L10.293 8.5H4.5A.5.5 0 0 1 4 8z\"><\/path> <\/svg><\/span><\/a>\n\n<\/div>\n<\/div>\n<\/div>\n\n<div class=\"gb-container gb-container-906045d0\">\n<div class=\"gb-container gb-container-ba6b213d\">\n\n<p class=\"gb-headline gb-headline-79a1c004\"><span class=\"gb-icon\"><svg viewbox=\"0 0 16 16\" class=\"bi bi-trophy\" height=\"16\" width=\"16\" xmlns=\"http:\/\/www.w3.org\/2000\/svg\">   <path d=\"M2.5.5A.5.5 0 0 1 3 0h10a.5.5 0 0 1 .5.5c0 .538-.012 1.05-.034 1.536a3 3 0 1 1-1.133 5.89c-.79 1.865-1.878 2.777-2.833 3.011v2.173l1.425.356c.194.048.377.135.537.255L13.3 15.1a.5.5 0 0 1-.3.9H3a.5.5 0 0 1-.3-.9l1.838-1.379c.16-.12.343-.207.537-.255L6.5 13.11v-2.173c-.955-.234-2.043-1.146-2.833-3.012a3 3 0 1 1-1.132-5.89A33.076 33.076 0 0 1 2.5.5zm.099 2.54a2 2 0 0 0 .72 3.935c-.333-1.05-.588-2.346-.72-3.935zm10.083 3.935a2 2 0 0 0 .72-3.935c-.133 1.59-.388 2.885-.72 3.935zM3.504 1c.007.517.026 1.006.056 1.469.13 2.028.457 3.546.87 4.667C5.294 9.48 6.484 10 7 10a.5.5 0 0 1 .5.5v2.61a1 1 0 0 1-.757.97l-1.426.356a.5.5 0 0 0-.179.085L4.5 15h7l-.638-.479a.501.501 0 0 0-.18-.085l-1.425-.356a1 1 0 0 1-.757-.97V10.5A.5.5 0 0 1 9 10c.516 0 1.706-.52 2.57-2.864.413-1.12.74-2.64.87-4.667.03-.463.049-.952.056-1.469H3.504z\"><\/path> <\/svg><\/span><span class=\"gb-headline-text\">L\u00edderes en soluciones de IA y automatizaci\u00f3n<\/span><\/p>\n\n\n\n<p class=\"gb-headline gb-headline-54757213 gb-headline-text\">Impulsamos la transformaci\u00f3n digital de empresas con inteligencia artificial avanzada y automatizaci\u00f3n de procesos.<\/p>\n\n<\/div>\n\n<div class=\"gb-container gb-container-9bc069e7\">\n\n<p class=\"gb-headline gb-headline-206f673d\"><span class=\"gb-icon\"><svg viewbox=\"0 0 16 16\" class=\"bi bi-lock\" height=\"16\" width=\"16\" xmlns=\"http:\/\/www.w3.org\/2000\/svg\">   <path d=\"M8 1a2 2 0 0 1 2 2v4H6V3a2 2 0 0 1 2-2zm3 6V3a3 3 0 0 0-6 0v4a2 2 0 0 0-2 2v5a2 2 0 0 0 2 2h6a2 2 0 0 0 2-2V9a2 2 0 0 0-2-2zM5 8h6a1 1 0 0 1 1 1v5a1 1 0 0 1-1 1H5a1 1 0 0 1-1-1V9a1 1 0 0 1 1-1z\"><\/path> <\/svg><\/span><span class=\"gb-headline-text\">Resultados que nos diferencian<\/span><\/p>\n\n\n\n<p class=\"gb-headline gb-headline-86a1fadd gb-headline-text\">Optimizamos procesos y reducimos costos con IA inteligente y automatizaci\u00f3n avanzada.<\/p>\n\n<\/div>\n\n<div class=\"gb-container gb-container-989b8c14\">\n\n<p class=\"gb-headline gb-headline-9bd1ddd3\"><span class=\"gb-icon\"><svg viewbox=\"0 0 16 16\" class=\"bi bi-shield-check\" height=\"16\" width=\"16\" xmlns=\"http:\/\/www.w3.org\/2000\/svg\">   <path d=\"M5.338 1.59a61.44 61.44 0 0 0-2.837.856.481.481 0 0 0-.328.39c-.554 4.157.726 7.19 2.253 9.188a10.725 10.725 0 0 0 2.287 2.233c.346.244.652.42.893.533.12.057.218.095.293.118a.55.55 0 0 0 .101.025.615.615 0 0 0 .1-.025c.076-.023.174-.061.294-.118.24-.113.547-.29.893-.533a10.726 10.726 0 0 0 2.287-2.233c1.527-1.997 2.807-5.031 2.253-9.188a.48.48 0 0 0-.328-.39c-.651-.213-1.75-.56-2.837-.855C9.552 1.29 8.531 1.067 8 1.067c-.53 0-1.552.223-2.662.524zM5.072.56C6.157.265 7.31 0 8 0s1.843.265 2.928.56c1.11.3 2.229.655 2.887.87a1.54 1.54 0 0 1 1.044 1.262c.596 4.477-.787 7.795-2.465 9.99a11.775 11.775 0 0 1-2.517 2.453 7.159 7.159 0 0 1-1.048.625c-.28.132-.581.24-.829.24s-.548-.108-.829-.24a7.158 7.158 0 0 1-1.048-.625 11.777 11.777 0 0 1-2.517-2.453C1.928 10.487.545 7.169 1.141 2.692A1.54 1.54 0 0 1 2.185 1.43 62.456 62.456 0 0 1 5.072.56z\"><\/path>   <path d=\"M10.854 5.146a.5.5 0 0 1 0 .708l-3 3a.5.5 0 0 1-.708 0l-1.5-1.5a.5.5 0 1 1 .708-.708L7.5 7.793l2.646-2.647a.5.5 0 0 1 .708 0z\"><\/path> <\/svg><\/span><span class=\"gb-headline-text\">Expertos en automatizaci\u00f3n y transformaci\u00f3n digital<\/span><\/p>\n\n\n\n<p class=\"gb-headline gb-headline-d4d3a263 gb-headline-text\">M\u00e1s de 20 a\u00f1os creando soluciones de personalizadas para empresas<\/p>\n\n<\/div>\n<\/div>\n\n<div class=\"gb-container gb-container-dfd34acd\">\n\n<h2 class=\"gb-headline gb-headline-faa2a1c8 gb-headline-text\">Optimizaci\u00f3n, eficiencia y crecimiento con IA<\/h2>\n\n\n<div class=\"gb-container gb-container-2ce97788\">\n\n<p class=\"has-text-align-center\">La inteligencia artificial ya no es el futuro, es el presente. Con nuestras soluciones, automatiza procesos, reduce costos y mejora la experiencia del cliente sin complicaciones. Descubre c\u00f3mo Klaud-IA puede transformar tu empresa.<\/p>\n\n\n\n<div style=\"height:50px\" aria-hidden=\"true\" class=\"wp-block-spacer\"><\/div>\n\n\n<div class=\"gb-grid-wrapper gb-grid-wrapper-6867f7f1\">\n<div class=\"gb-grid-column gb-grid-column-03e4a59d\"><div class=\"gb-container gb-container-03e4a59d\">\n\n<div class=\"gb-headline gb-headline-aef141fc gb-headline-text\">Menos trabajo manual, m\u00e1s productividad<\/div>\n\n\n\n<h3 class=\"gb-headline gb-headline-ec3c7b0d\"><span class=\"gb-icon\"><svg aria-hidden=\"true\" role=\"img\" height=\"1em\" width=\"1em\" viewbox=\"0 0 512 512\" xmlns=\"http:\/\/www.w3.org\/2000\/svg\"><path fill=\"currentColor\" d=\"M478.21 334.093L336 256l142.21-78.093c11.795-6.477 15.961-21.384 9.232-33.037l-19.48-33.741c-6.728-11.653-21.72-15.499-33.227-8.523L296 186.718l3.475-162.204C299.763 11.061 288.937 0 275.48 0h-38.96c-13.456 0-24.283 11.061-23.994 24.514L216 186.718 77.265 102.607c-11.506-6.976-26.499-3.13-33.227 8.523l-19.48 33.741c-6.728 11.653-2.562 26.56 9.233 33.037L176 256 33.79 334.093c-11.795 6.477-15.961 21.384-9.232 33.037l19.48 33.741c6.728 11.653 21.721 15.499 33.227 8.523L216 325.282l-3.475 162.204C212.237 500.939 223.064 512 236.52 512h38.961c13.456 0 24.283-11.061 23.995-24.514L296 325.282l138.735 84.111c11.506 6.976 26.499 3.13 33.227-8.523l19.48-33.741c6.728-11.653 2.563-26.559-9.232-33.036z\"><\/path><\/svg><\/span><span class=\"gb-headline-text\">Automatizaci\u00f3n de procesos empresariales<\/span><\/h3>\n\n\n\n<div class=\"gb-headline gb-headline-8a0e1e15 gb-headline-text\">Optimiza tus operaciones con sistemas de <strong>automatizaci\u00f3n avanzada<\/strong> que eliminan tareas repetitivas y mejoran la eficiencia operativa. Desde la gesti\u00f3n documental hasta el procesamiento de facturas y atenci\u00f3n al cliente, nuestras soluciones IA trabajan por ti 24\/7.<\/div>\n\n<\/div><\/div>\n\n<div class=\"gb-grid-column gb-grid-column-9d795ecb\"><div class=\"gb-container gb-container-9d795ecb\">\n\n<div class=\"gb-headline gb-headline-55bcb612 gb-headline-text\">IA que aprende y crece contigo<\/div>\n\n\n\n<h3 class=\"gb-headline gb-headline-420e04a7\"><span class=\"gb-icon\"><svg aria-hidden=\"true\" role=\"img\" height=\"1em\" width=\"1em\" viewbox=\"0 0 448 512\" xmlns=\"http:\/\/www.w3.org\/2000\/svg\"><path fill=\"currentColor\" d=\"M323.56 51.2c-20.8 19.3-39.58 39.59-56.22 59.97C240.08 73.62 206.28 35.53 168 0 69.74 91.17 0 209.96 0 281.6 0 408.85 100.29 512 224 512s224-103.15 224-230.4c0-53.27-51.98-163.14-124.44-230.4zm-19.47 340.65C282.43 407.01 255.72 416 226.86 416 154.71 416 96 368.26 96 290.75c0-38.61 24.31-72.63 72.79-130.75 6.93 7.98 98.83 125.34 98.83 125.34l58.63-66.88c4.14 6.85 7.91 13.55 11.27 19.97 27.35 52.19 15.81 118.97-33.43 153.42z\"><\/path><\/svg><\/span><span class=\"gb-headline-text\">Inteligencia artificial adaptada a tu negocio<\/span><\/h3>\n\n\n\n<div class=\"gb-headline gb-headline-891f67f1 gb-headline-text\">Cada empresa es \u00fanica, por eso nuestras soluciones de IA se dise\u00f1an para <strong>aprender y adaptarse<\/strong> a tus procesos espec\u00edficos. Ya sea en la atenci\u00f3n al cliente, la optimizaci\u00f3n de flujos de trabajo o la toma de decisiones basada en datos, la IA se ajusta a tus necesidades.<\/div>\n\n<\/div><\/div>\n\n<div class=\"gb-grid-column gb-grid-column-b0d8ce31\"><div class=\"gb-container gb-container-b0d8ce31\">\n\n<div class=\"gb-headline gb-headline-526fce82 gb-headline-text\">Eficiencia que se traduce en ahorro<\/div>\n\n\n\n<h3 class=\"gb-headline gb-headline-7a4613a8\"><span class=\"gb-icon\"><svg aria-hidden=\"true\" role=\"img\" height=\"1em\" width=\"1em\" viewbox=\"0 0 512 512\" xmlns=\"http:\/\/www.w3.org\/2000\/svg\"><path fill=\"currentColor\" d=\"M464 64H48C21.49 64 0 85.49 0 112v288c0 26.51 21.49 48 48 48h416c26.51 0 48-21.49 48-48V112c0-26.51-21.49-48-48-48zm0 48v40.805c-22.422 18.259-58.168 46.651-134.587 106.49-16.841 13.247-50.201 45.072-73.413 44.701-23.208.375-56.579-31.459-73.413-44.701C106.18 199.465 70.425 171.067 48 152.805V112h416zM48 400V214.398c22.914 18.251 55.409 43.862 104.938 82.646 21.857 17.205 60.134 55.186 103.062 54.955 42.717.231 80.509-37.199 103.053-54.947 49.528-38.783 82.032-64.401 104.947-82.653V400H48z\"><\/path><\/svg><\/span><span class=\"gb-headline-text\">Reducci\u00f3n de costos operativos<\/span><\/h3>\n\n\n\n<div class=\"gb-headline gb-headline-6ae5e97f gb-headline-text\">Automatizar procesos con IA no solo mejora la productividad, sino que tambi\u00e9n <strong>reduce significativamente los costos operativos<\/strong>. Menos errores, menos recursos dedicados a tareas repetitivas y m\u00e1s tiempo para enfocarte en lo realmente importante: hacer crecer tu negocio.<\/div>\n\n<\/div><\/div>\n<\/div>\n\n\n<div style=\"height:60px\" aria-hidden=\"true\" class=\"wp-block-spacer\"><\/div>\n\n\n<div class=\"gb-grid-wrapper gb-grid-wrapper-b33e3f9f\">\n<div class=\"gb-grid-column gb-grid-column-7b2db374\"><div class=\"gb-container gb-container-7b2db374\">\n\n<div class=\"gb-headline gb-headline-f398d517 gb-headline-text\">Respuestas instant\u00e1neas, clientes satisfechos<\/div>\n\n\n\n<h3 class=\"gb-headline gb-headline-b9b5c065\"><span class=\"gb-icon\"><svg aria-hidden=\"true\" role=\"img\" height=\"1em\" width=\"1em\" viewbox=\"0 0 512 512\" xmlns=\"http:\/\/www.w3.org\/2000\/svg\"><path fill=\"currentColor\" d=\"M493.4 24.6l-104-24c-11.3-2.6-22.9 3.3-27.5 13.9l-48 112c-4.2 9.8-1.4 21.3 6.9 28l60.6 49.6c-36 76.7-98.9 140.5-177.2 177.2l-49.6-60.6c-6.8-8.3-18.2-11.1-28-6.9l-112 48C3.9 366.5-2 378.1.6 389.4l24 104C27.1 504.2 36.7 512 48 512c256.1 0 464-207.5 464-464 0-11.2-7.7-20.9-18.6-23.4z\"><\/path><\/svg><\/span><span class=\"gb-headline-text\">Atenci\u00f3n al cliente inteligente y sin esperas<\/span><\/h3>\n\n\n\n<div class=\"gb-headline gb-headline-1420e6a2 gb-headline-text\">Mejora la experiencia de tus clientes con <strong>chatbots y asistentes virtuales<\/strong> que responden consultas, resuelven incidencias y gestionan reservas de manera autom\u00e1tica. Disponible 24\/7, sin tiempos de espera ni saturaci\u00f3n de l\u00edneas.<\/div>\n\n<\/div><\/div>\n\n<div class=\"gb-grid-column gb-grid-column-7b25e08b\"><div class=\"gb-container gb-container-7b25e08b\">\n\n<div class=\"gb-headline gb-headline-8b15fee2 gb-headline-text\">Informaci\u00f3n en tiempo real, decisiones inteligentes<\/div>\n\n\n\n<h3 class=\"gb-headline gb-headline-ad8a593f\"><span class=\"gb-icon\"><svg aria-hidden=\"true\" role=\"img\" height=\"1em\" width=\"1em\" viewbox=\"0 0 512 512\" xmlns=\"http:\/\/www.w3.org\/2000\/svg\"><path fill=\"currentColor\" d=\"M462.3 62.6C407.5 15.9 326 24.3 275.7 76.2L256 96.5l-19.7-20.3C186.1 24.3 104.5 15.9 49.7 62.6c-62.8 53.6-66.1 149.8-9.9 207.9l193.5 199.8c12.5 12.9 32.8 12.9 45.3 0l193.5-199.8c56.3-58.1 53-154.3-9.8-207.9z\"><\/path><\/svg><\/span><span class=\"gb-headline-text\">Toma de decisiones basada en datos en tiempo real<\/span><\/h3>\n\n\n\n<div class=\"gb-headline gb-headline-0b64a83f gb-headline-text\">Convierte la informaci\u00f3n en ventaja competitiva. Con nuestras soluciones de an\u00e1lisis y predicci\u00f3n basadas en IA, accede a <strong>datos en tiempo real, detecta tendencias<\/strong> y optimiza estrategias antes que la competencia.<\/div>\n\n<\/div><\/div>\n\n<div class=\"gb-grid-column gb-grid-column-c51cf0c1\"><div class=\"gb-container gb-container-c51cf0c1\">\n\n<div class=\"gb-headline gb-headline-9199536c gb-headline-text\">Protecci\u00f3n y crecimiento sin l\u00edmites<\/div>\n\n\n\n<h3 class=\"gb-headline gb-headline-4556e59e\"><span class=\"gb-icon\"><svg aria-hidden=\"true\" role=\"img\" height=\"1em\" width=\"1em\" viewbox=\"0 0 512 512\" xmlns=\"http:\/\/www.w3.org\/2000\/svg\"><path fill=\"currentColor\" d=\"M466.5 83.7l-192-80a48.15 48.15 0 0 0-36.9 0l-192 80C27.7 91.1 16 108.6 16 128c0 198.5 114.5 335.7 221.5 380.3 11.8 4.9 25.1 4.9 36.9 0C360.1 472.6 496 349.3 496 128c0-19.4-11.7-36.9-29.5-44.3zM256.1 446.3l-.1-381 175.9 73.3c-3.3 151.4-82.1 261.1-175.8 307.7z\"><\/path><\/svg><\/span><span class=\"gb-headline-text\">Seguridad y escalabilidad garantizadas<\/span><\/h3>\n\n\n\n<div class=\"gb-headline gb-headline-e5df17d0 gb-headline-text\">Las soluciones de Klaud-IA est\u00e1n dise\u00f1adas para crecer con tu empresa y garantizar la <strong>m\u00e1xima seguridad<\/strong>. Implementamos protocolos avanzados de protecci\u00f3n de datos y desarrollamos herramientas escalables que evolucionan junto a tu negocio.<\/div>\n\n<\/div><\/div>\n<\/div>\n\n\n<div style=\"height:45px\" aria-hidden=\"true\" class=\"wp-block-spacer\"><\/div>\n\n\n\n<p class=\"has-text-align-center\">Descubre c\u00f3mo la inteligencia artificial puede transformar tu empresa. Cont\u00e1ctanos y te asesoraremos sin compromiso.<\/p>\n\n\n<div class=\"gb-container gb-container-e2141267\">\n\n<a class=\"gb-button gb-button-5809618f\" href=\"\/en\/contact\/\"><span class=\"gb-button-text\">Empieza a transformar tu empresa hoy<\/span><span class=\"gb-icon\"><svg viewbox=\"0 0 16 16\" class=\"bi bi-arrow-right-short\" fill=\"currentColor\" height=\"16\" width=\"16\" xmlns=\"http:\/\/www.w3.org\/2000\/svg\">   <path d=\"M4 8a.5.5 0 0 1 .5-.5h5.793L8.146 5.354a.5.5 0 1 1 .708-.708l3 3a.5.5 0 0 1 0 .708l-3 3a.5.5 0 0 1-.708-.708L10.293 8.5H4.5A.5.5 0 0 1 4 8z\" fill-rule=\"evenodd\"><\/path> <\/svg><\/span><\/a>\n\n<\/div>\n<\/div>\n<\/div>\n\n<div class=\"gb-container gb-container-f7eecdb5\">\n<div class=\"gb-container gb-container-60ad3251\">\n\n<h3 class=\"gb-headline gb-headline-23fd6d0f\"><span class=\"gb-icon\"><svg xmlns=\"http:\/\/www.w3.org\/2000\/svg\" viewbox=\"0 0 8.145 54.189\"><path d=\"M4.262 40.052V0l-.439.438v39.613l.439.001zm-.439 3.853v9.845l.438.438.001-10.284-.439.001zm3.883-11.29v17.518l.439-.439V32.615h-.439zm0-8.273h.439V9.495l-.439-.439v15.286zM.439 21.074V4.056L0 4.495l.001 16.579h.438zm.001 6.274l-.439-.001v19.347l.439.439V27.348z\"><\/path><\/svg><\/span><span class=\"gb-headline-text\">Nuestras Soluciones<\/span><\/h3>\n\n\n<div class=\"gb-grid-wrapper gb-grid-wrapper-330be022\">\n<div class=\"gb-grid-column gb-grid-column-00b9f36c\"><div class=\"gb-container gb-container-00b9f36c\">\n\n<h4 class=\"gb-headline gb-headline-bafeb5f6\"><span class=\"gb-icon\"><svg viewbox=\"0 0 16 16\" class=\"bi bi-cloud-download\" height=\"16\" width=\"16\" xmlns=\"http:\/\/www.w3.org\/2000\/svg\">   <path d=\"M4.406 1.342A5.53 5.53 0 0 1 8 0c2.69 0 4.923 2 5.166 4.579C14.758 4.804 16 6.137 16 7.773 16 9.569 14.502 11 12.687 11H10a.5.5 0 0 1 0-1h2.688C13.979 10 15 8.988 15 7.773c0-1.216-1.02-2.228-2.313-2.228h-.5v-.5C12.188 2.825 10.328 1 8 1a4.53 4.53 0 0 0-2.941 1.1c-.757.652-1.153 1.438-1.153 2.055v.448l-.445.049C2.064 4.805 1 5.952 1 7.318 1 8.785 2.23 10 3.781 10H6a.5.5 0 0 1 0 1H3.781C1.708 11 0 9.366 0 7.318c0-1.763 1.266-3.223 2.942-3.593.143-.863.698-1.723 1.464-2.383z\"><\/path>   <path d=\"M7.646 15.854a.5.5 0 0 0 .708 0l3-3a.5.5 0 0 0-.708-.708L8.5 14.293V5.5a.5.5 0 0 0-1 0v8.793l-2.146-2.147a.5.5 0 0 0-.708.708l3 3z\"><\/path> <\/svg><\/span><span class=\"gb-headline-text\">Inteligencia <br>Artificial<\/span><\/h4>\n\n\n\n<p class=\"gb-headline gb-headline-0416fe8d gb-headline-text\">Potenciamos tu negocio con soluciones de Inteligencia Artificial innovadoras y personalizadas.<\/p>\n\n<\/div><\/div>\n\n<div class=\"gb-grid-column gb-grid-column-69fe2156\"><div class=\"gb-container gb-container-69fe2156\">\n\n<h4 class=\"gb-headline gb-headline-1887caaf\"><span class=\"gb-icon\"><svg viewbox=\"0 0 16 16\" class=\"bi bi-cpu\" height=\"16\" width=\"16\" xmlns=\"http:\/\/www.w3.org\/2000\/svg\">   <path d=\"M5 0a.5.5 0 0 1 .5.5V2h1V.5a.5.5 0 0 1 1 0V2h1V.5a.5.5 0 0 1 1 0V2h1V.5a.5.5 0 0 1 1 0V2A2.5 2.5 0 0 1 14 4.5h1.5a.5.5 0 0 1 0 1H14v1h1.5a.5.5 0 0 1 0 1H14v1h1.5a.5.5 0 0 1 0 1H14v1h1.5a.5.5 0 0 1 0 1H14a2.5 2.5 0 0 1-2.5 2.5v1.5a.5.5 0 0 1-1 0V14h-1v1.5a.5.5 0 0 1-1 0V14h-1v1.5a.5.5 0 0 1-1 0V14h-1v1.5a.5.5 0 0 1-1 0V14A2.5 2.5 0 0 1 2 11.5H.5a.5.5 0 0 1 0-1H2v-1H.5a.5.5 0 0 1 0-1H2v-1H.5a.5.5 0 0 1 0-1H2v-1H.5a.5.5 0 0 1 0-1H2A2.5 2.5 0 0 1 4.5 2V.5A.5.5 0 0 1 5 0zm-.5 3A1.5 1.5 0 0 0 3 4.5v7A1.5 1.5 0 0 0 4.5 13h7a1.5 1.5 0 0 0 1.5-1.5v-7A1.5 1.5 0 0 0 11.5 3h-7zM5 6.5A1.5 1.5 0 0 1 6.5 5h3A1.5 1.5 0 0 1 11 6.5v3A1.5 1.5 0 0 1 9.5 11h-3A1.5 1.5 0 0 1 5 9.5v-3zM6.5 6a.5.5 0 0 0-.5.5v3a.5.5 0 0 0 .5.5h3a.5.5 0 0 0 .5-.5v-3a.5.5 0 0 0-.5-.5h-3z\"><\/path> <\/svg><\/span><span class=\"gb-headline-text\">Automatizaci\u00f3n Empresarial<\/span><\/h4>\n\n\n\n<p class=\"gb-headline gb-headline-7a182882 gb-headline-text\">Optimizamos tu empresa con la implementaci\u00f3n de automatizaciones avanzadas reforzadas con Inteligencia Artificial para mayor eficiencia y crecimiento.<\/p>\n\n<\/div><\/div>\n\n<div class=\"gb-grid-column gb-grid-column-0e0f4ab4\"><div class=\"gb-container gb-container-0e0f4ab4\">\n\n<h4 class=\"gb-headline gb-headline-de7ff87a\"><span class=\"gb-icon\"><svg aria-hidden=\"true\" role=\"img\" height=\"1em\" width=\"1em\" viewbox=\"0 0 448 512\" xmlns=\"http:\/\/www.w3.org\/2000\/svg\"><path fill=\"currentColor\" d=\"M323.56 51.2c-20.8 19.3-39.58 39.59-56.22 59.97C240.08 73.62 206.28 35.53 168 0 69.74 91.17 0 209.96 0 281.6 0 408.85 100.29 512 224 512s224-103.15 224-230.4c0-53.27-51.98-163.14-124.44-230.4zm-19.47 340.65C282.43 407.01 255.72 416 226.86 416 154.71 416 96 368.26 96 290.75c0-38.61 24.31-72.63 72.79-130.75 6.93 7.98 98.83 125.34 98.83 125.34l58.63-66.88c4.14 6.85 7.91 13.55 11.27 19.97 27.35 52.19 15.81 118.97-33.43 153.42z\"><\/path><\/svg><\/span><span class=\"gb-headline-text\">Reducci\u00f3n de <br>Costos<\/span><\/h4>\n\n\n\n<p class=\"gb-headline gb-headline-876b889e gb-headline-text\">Reducimos ineficiencias y procesos repetitivos con la implementaci\u00f3n de automatizaciones avanzadas reforzadas con Inteligencia Artificial reduciendo costes y abaratando los procesos de una forma eficiente.<\/p>\n\n<\/div><\/div>\n\n<div class=\"gb-grid-column gb-grid-column-b3f0c7e6\"><div class=\"gb-container gb-container-b3f0c7e6\">\n\n<h4 class=\"gb-headline gb-headline-c1d9c0e6\"><span class=\"gb-icon\"><svg aria-hidden=\"true\" role=\"img\" height=\"1em\" width=\"1em\" viewbox=\"0 0 512 512\" xmlns=\"http:\/\/www.w3.org\/2000\/svg\"><path fill=\"currentColor\" d=\"M462.3 62.6C407.5 15.9 326 24.3 275.7 76.2L256 96.5l-19.7-20.3C186.1 24.3 104.5 15.9 49.7 62.6c-62.8 53.6-66.1 149.8-9.9 207.9l193.5 199.8c12.5 12.9 32.8 12.9 45.3 0l193.5-199.8c56.3-58.1 53-154.3-9.8-207.9z\"><\/path><\/svg><\/span><span class=\"gb-headline-text\">Atenci\u00f3n al Cliente Inteligente<\/span><\/h4>\n\n\n\n<p class=\"gb-headline gb-headline-238e08f8 gb-headline-text\">Transformamos tu atenci\u00f3n al cliente con la m\u00e1s avanzada Inteligencia Artificial para respuestas r\u00e1pidas y eficientes y una extraordinaria experiencia para tus clientes.<\/p>\n\n<\/div><\/div>\n<\/div>\n\n\n<div style=\"height:60px\" aria-hidden=\"true\" class=\"wp-block-spacer\"><\/div>\n\n\n\n<a class=\"gb-button gb-button-7ebbb80b\" href=\"\/en\/soluciones\/\"><span class=\"gb-button-text\">Aprender m\u00e1s<\/span><span class=\"gb-icon\"><svg viewbox=\"0 0 16 16\" class=\"bi bi-arrow-right-short\" height=\"16\" width=\"16\" xmlns=\"http:\/\/www.w3.org\/2000\/svg\">   <path d=\"M4 8a.5.5 0 0 1 .5-.5h5.793L8.146 5.354a.5.5 0 1 1 .708-.708l3 3a.5.5 0 0 1 0 .708l-3 3a.5.5 0 0 1-.708-.708L10.293 8.5H4.5A.5.5 0 0 1 4 8z\"><\/path> <\/svg><\/span><\/a>\n\n<\/div>\n<\/div>\n\n<div class=\"gb-container gb-container-1d39d81e\">\n<div class=\"gb-container gb-container-f7aa5055\">\n<div class=\"gb-container gb-container-fb744d37\">\n\n<div class=\"gb-headline gb-headline-bdafb4e1 gb-headline-text\">Hablemos sobre tu proyecto<\/div>\n\n\n\n<h2 class=\"gb-headline gb-headline-25fe0e13 gb-headline-text\">Impulsa tu negocio con IA y automatizaci\u00f3n<\/h2>\n\n\n\n<div class=\"gb-headline gb-headline-89a07277 gb-headline-text\">Cu\u00e9ntanos qu\u00e9 necesitas y te ayudaremos a encontrar la mejor soluci\u00f3n. Nuestro equipo est\u00e1 listo para optimizar tus procesos y llevar tu empresa al siguiente nivel. \u00a1Escr\u00edbenos ahora!<\/div>\n\n\n<div class=\"gb-container gb-container-15306003\">\n\n<a class=\"gb-button gb-button-38fdfb54\" href=\"\/en\/contacto\/\"><span class=\"gb-button-text\">Empieza a transformar tu empresa hoy<\/span><span class=\"gb-icon\"><svg viewbox=\"0 0 16 16\" class=\"bi bi-arrow-right-short\" fill=\"currentColor\" height=\"16\" width=\"16\" xmlns=\"http:\/\/www.w3.org\/2000\/svg\">   <path d=\"M4 8a.5.5 0 0 1 .5-.5h5.793L8.146 5.354a.5.5 0 1 1 .708-.708l3 3a.5.5 0 0 1 0 .708l-3 3a.5.5 0 0 1-.708-.708L10.293 8.5H4.5A.5.5 0 0 1 4 8z\" fill-rule=\"evenodd\"><\/path> <\/svg><\/span><\/a>\n\n<\/div>\n<\/div>\n\n<div class=\"gb-container gb-container-6a4a1c15\">\n\n<figure class=\"gb-block-image gb-block-image-b5a83ef5\"><img loading=\"lazy\" decoding=\"async\" width=\"1600\" height=\"1068\" class=\"gb-image gb-image-b5a83ef5\" src=\"https:\/\/klaud-ia.com\/wp-content\/uploads\/2021\/04\/sander-weeteling-KABfjuSOx74-unsplash.jpg\" alt=\"Inteligencia Artificial y Automatizaci\u00f3n avanzada\" title=\"sander-weeteling-KABfjuSOx74-unsplash\" srcset=\"https:\/\/klaud-ia.com\/wp-content\/uploads\/2021\/04\/sander-weeteling-KABfjuSOx74-unsplash.jpg 1600w, https:\/\/klaud-ia.com\/wp-content\/uploads\/2021\/04\/sander-weeteling-KABfjuSOx74-unsplash-300x200.jpg 300w, https:\/\/klaud-ia.com\/wp-content\/uploads\/2021\/04\/sander-weeteling-KABfjuSOx74-unsplash-1024x684.jpg 1024w, https:\/\/klaud-ia.com\/wp-content\/uploads\/2021\/04\/sander-weeteling-KABfjuSOx74-unsplash-768x513.jpg 768w, https:\/\/klaud-ia.com\/wp-content\/uploads\/2021\/04\/sander-weeteling-KABfjuSOx74-unsplash-1536x1025.jpg 1536w, https:\/\/klaud-ia.com\/wp-content\/uploads\/2021\/04\/sander-weeteling-KABfjuSOx74-unsplash-18x12.jpg 18w\" sizes=\"auto, (max-width: 1600px) 100vw, 1600px\" \/><\/figure>\n\n<\/div>\n<\/div>\n<\/div>\n\n\n<p><\/p>","protected":false},"excerpt":{"rendered":"<p>Transforma tu negocio con Inteligencia Artificial y Automatizaci\u00f3n avanzada En Klaud-IA, llevamos tu empresa al siguiente nivel con soluciones basadas en inteligencia artificial que optimizan operaciones, mejoran la atenci\u00f3n al cliente y reducen costos operativos. Impulsamos tu negocio con tecnolog\u00eda de vanguardia. L\u00edderes en soluciones de IA y automatizaci\u00f3n Impulsamos la transformaci\u00f3n digital de empresas &#8230; <a title=\"Home\" class=\"read-more\" href=\"https:\/\/klaud-ia.com\/en\/\" aria-label=\"Read more about Home\">Read more<\/a><\/p>","protected":false},"author":1,"featured_media":0,"parent":0,"menu_order":0,"comment_status":"closed","ping_status":"closed","template":"","meta":{"footnotes":""},"class_list":["post-914","page","type-page","status-publish"],"_links":{"self":[{"href":"https:\/\/klaud-ia.com\/en\/wp-json\/wp\/v2\/pages\/914","targetHints":{"allow":["GET"]}}],"collection":[{"href":"https:\/\/klaud-ia.com\/en\/wp-json\/wp\/v2\/pages"}],"about":[{"href":"https:\/\/klaud-ia.com\/en\/wp-json\/wp\/v2\/types\/page"}],"author":[{"embeddable":true,"href":"https:\/\/klaud-ia.com\/en\/wp-json\/wp\/v2\/users\/1"}],"replies":[{"embeddable":true,"href":"https:\/\/klaud-ia.com\/en\/wp-json\/wp\/v2\/comments?post=914"}],"version-history":[{"count":47,"href":"https:\/\/klaud-ia.com\/en\/wp-json\/wp\/v2\/pages\/914\/revisions"}],"predecessor-version":[{"id":1565,"href":"https:\/\/klaud-ia.com\/en\/wp-json\/wp\/v2\/pages\/914\/revisions\/1565"}],"wp:attachment":[{"href":"https:\/\/klaud-ia.com\/en\/wp-json\/wp\/v2\/media?parent=914"}],"curies":[{"name":"wp","href":"https:\/\/api.w.org\/{rel}","templated":true}]}}