{"id":1295,"date":"2025-02-09T14:08:39","date_gmt":"2025-02-09T14:08:39","guid":{"rendered":"https:\/\/klaud-ia.com\/?page_id=1295"},"modified":"2025-02-20T21:44:41","modified_gmt":"2025-02-20T21:44:41","slug":"klaud-ai-call-center","status":"publish","type":"page","link":"https:\/\/klaud-ia.com\/en\/soluciones\/klaud-ai-call-center\/","title":{"rendered":"Klaud-AI Call Center"},"content":{"rendered":"<div class=\"gb-container gb-container-caf941ec\">\n<div class=\"gb-container gb-container-fc54192d\">\n<div class=\"gb-container gb-container-54c3d59d\">\n\n<div class=\"gb-headline gb-headline-03309601 gb-headline-text\">Klaud-AI Call Center la atenci\u00f3n telef\u00f3nica automatizada que potencia cada interacci\u00f3n.<\/div>\n\n\n\n<h2 class=\"gb-headline gb-headline-c3926157 gb-headline-text\">Transforma cada llamada en una oportunidad con IA avanzada<\/h2>\n\n\n\n<div class=\"gb-headline gb-headline-8a92fbc7 gb-headline-text\">Automatiza la atenci\u00f3n telef\u00f3nica y optimiza cada interacci\u00f3n con clientes con nuestra centralita digital automatizada. Desde la detecci\u00f3n de leads hasta la gesti\u00f3n de citas, Klaud-AI Call Center se convierte en el aliado perfecto para maximizar la eficiencia y reducir costos operativos.<\/div>\n\n\n<div class=\"gb-container gb-container-6ffab131\">\n\n<a class=\"gb-button gb-button-5809618f\" href=\"#contacto\"><span class=\"gb-button-text\">Solicita una demo gratuita<\/span><span class=\"gb-icon\"><svg viewbox=\"0 0 16 16\" class=\"bi bi-arrow-right-short\" fill=\"currentColor\" height=\"16\" width=\"16\" xmlns=\"http:\/\/www.w3.org\/2000\/svg\">   <path d=\"M4 8a.5.5 0 0 1 .5-.5h5.793L8.146 5.354a.5.5 0 1 1 .708-.708l3 3a.5.5 0 0 1 0 .708l-3 3a.5.5 0 0 1-.708-.708L10.293 8.5H4.5A.5.5 0 0 1 4 8z\" fill-rule=\"evenodd\"><\/path> <\/svg><\/span><\/a>\n\n<\/div>\n<\/div>\n\n<div class=\"gb-container gb-container-87682e85\">\n\n<figure class=\"gb-block-image gb-block-image-3a9c057d\"><img loading=\"lazy\" decoding=\"async\" width=\"1152\" height=\"896\" class=\"gb-image gb-image-3a9c057d\" src=\"https:\/\/klaud-ia.com\/wp-content\/uploads\/2025-02-09_15-07-52_3172.png\" alt=\"Klaud-AI Call Center - centralita digital automatizada.\" title=\"2025-02-09_15-07-52_3172\" srcset=\"https:\/\/klaud-ia.com\/wp-content\/uploads\/2025-02-09_15-07-52_3172.png 1152w, https:\/\/klaud-ia.com\/wp-content\/uploads\/2025-02-09_15-07-52_3172-300x233.png 300w, https:\/\/klaud-ia.com\/wp-content\/uploads\/2025-02-09_15-07-52_3172-1024x796.png 1024w, https:\/\/klaud-ia.com\/wp-content\/uploads\/2025-02-09_15-07-52_3172-768x597.png 768w, https:\/\/klaud-ia.com\/wp-content\/uploads\/2025-02-09_15-07-52_3172-15x12.png 15w\" sizes=\"auto, (max-width: 1152px) 100vw, 1152px\" \/><\/figure>\n\n<\/div>\n<\/div>\n<\/div>\n\n<div class=\"gb-container gb-container-04d000c7\">\n<div class=\"gb-container gb-container-9efc77d1\">\n\n<h3 class=\"gb-headline gb-headline-8e0d3202\"><span class=\"gb-icon\"><svg xmlns=\"http:\/\/www.w3.org\/2000\/svg\" viewbox=\"0 0 8.145 54.189\"><path d=\"M4.262 40.052V0l-.439.438v39.613l.439.001zm-.439 3.853v9.845l.438.438.001-10.284-.439.001zm3.883-11.29v17.518l.439-.439V32.615h-.439zm0-8.273h.439V9.495l-.439-.439v15.286zM.439 21.074V4.056L0 4.495l.001 16.579h.438zm.001 6.274l-.439-.001v19.347l.439.439V27.348z\"><\/path><\/svg><\/span><span class=\"gb-headline-text\">Los Beneficios de Nuestras Soluciones para tu Negocio<\/span><\/h3>\n\n\n<div class=\"gb-container gb-container-906045d0\">\n<div class=\"gb-container gb-container-ba6b213d\">\n\n<h4 class=\"gb-headline gb-headline-b80f7970\"><span class=\"gb-icon\"><svg aria-hidden=\"true\" role=\"img\" height=\"1em\" width=\"1em\" viewbox=\"0 0 512 512\" xmlns=\"http:\/\/www.w3.org\/2000\/svg\"><path fill=\"currentColor\" d=\"M440 6.5L24 246.4c-34.4 19.9-31.1 70.8 5.7 85.9L144 379.6V464c0 46.4 59.2 65.5 86.6 28.6l43.8-59.1 111.9 46.2c5.9 2.4 12.1 3.6 18.3 3.6 8.2 0 16.3-2.1 23.6-6.2 12.8-7.2 21.6-20 23.9-34.5l59.4-387.2c6.1-40.1-36.9-68.8-71.5-48.9zM192 464v-64.6l36.6 15.1L192 464zm212.6-28.7l-153.8-63.5L391 169.5c10.7-15.5-9.5-33.5-23.7-21.2L155.8 332.6 48 288 464 48l-59.4 387.3z\"><\/path><\/svg><\/span><span class=\"gb-headline-text\">Atenci\u00f3n telef\u00f3nica automatizada 24\/7<\/span><\/h4>\n\n\n\n<p class=\"has-text-align-center\"><em>Aseg\u00farate de que cada llamada sea atendida sin importar el d\u00eda o la hora. Klaud-AI Call Center garantiza una atenci\u00f3n continua, mejorando la satisfacci\u00f3n del cliente y reduciendo los tiempos de espera.<\/em><\/p>\n\n<\/div>\n\n<div class=\"gb-container gb-container-9bc069e7\">\n\n<h4 class=\"gb-headline gb-headline-293dee66\"><span class=\"gb-icon\"><svg viewbox=\"0 0 16 16\" class=\"bi bi-cpu\" fill=\"currentColor\" height=\"16\" width=\"16\" xmlns=\"http:\/\/www.w3.org\/2000\/svg\">   <path d=\"M5 0a.5.5 0 0 1 .5.5V2h1V.5a.5.5 0 0 1 1 0V2h1V.5a.5.5 0 0 1 1 0V2h1V.5a.5.5 0 0 1 1 0V2A2.5 2.5 0 0 1 14 4.5h1.5a.5.5 0 0 1 0 1H14v1h1.5a.5.5 0 0 1 0 1H14v1h1.5a.5.5 0 0 1 0 1H14v1h1.5a.5.5 0 0 1 0 1H14a2.5 2.5 0 0 1-2.5 2.5v1.5a.5.5 0 0 1-1 0V14h-1v1.5a.5.5 0 0 1-1 0V14h-1v1.5a.5.5 0 0 1-1 0V14h-1v1.5a.5.5 0 0 1-1 0V14A2.5 2.5 0 0 1 2 11.5H.5a.5.5 0 0 1 0-1H2v-1H.5a.5.5 0 0 1 0-1H2v-1H.5a.5.5 0 0 1 0-1H2v-1H.5a.5.5 0 0 1 0-1H2A2.5 2.5 0 0 1 4.5 2V.5A.5.5 0 0 1 5 0zm-.5 3A1.5 1.5 0 0 0 3 4.5v7A1.5 1.5 0 0 0 4.5 13h7a1.5 1.5 0 0 0 1.5-1.5v-7A1.5 1.5 0 0 0 11.5 3h-7zM5 6.5A1.5 1.5 0 0 1 6.5 5h3A1.5 1.5 0 0 1 11 6.5v3A1.5 1.5 0 0 1 9.5 11h-3A1.5 1.5 0 0 1 5 9.5v-3zM6.5 6a.5.5 0 0 0-.5.5v3a.5.5 0 0 0 .5.5h3a.5.5 0 0 0 .5-.5v-3a.5.5 0 0 0-.5-.5h-3z\"><\/path> <\/svg><\/span><span class=\"gb-headline-text\">Detecci\u00f3n de leads y oportunidades en tiempo real<\/span><\/h4>\n\n\n\n<p><em>Identifica autom\u00e1ticamente llamadas con potencial comercial y sincroniza la informaci\u00f3n directamente en <strong><a href=\"https:\/\/klaud-ia.com\/en\/soluciones\/klaud-ia-integrated-crm\/\" data-type=\"page\" data-id=\"1291\">Klaud-IA Integrated CRM<\/a><\/strong>. De esta forma, cada lead detectado es registrado y gestionado en un flujo continuo, asegurando que tu equipo pueda actuar de manera inmediata y efectiva.<\/em><\/p>\n\n<\/div>\n\n<div class=\"gb-container gb-container-b13bf44a\">\n\n<h4 class=\"gb-headline gb-headline-61039ced\"><span class=\"gb-icon\"><svg aria-hidden=\"true\" role=\"img\" height=\"1em\" width=\"1em\" viewbox=\"0 0 448 512\" xmlns=\"http:\/\/www.w3.org\/2000\/svg\"><path fill=\"currentColor\" d=\"M448 360V24c0-13.3-10.7-24-24-24H96C43 0 0 43 0 96v320c0 53 43 96 96 96h328c13.3 0 24-10.7 24-24v-16c0-7.5-3.5-14.3-8.9-18.7-4.2-15.4-4.2-59.3 0-74.7 5.4-4.3 8.9-11.1 8.9-18.6zM128 134c0-3.3 2.7-6 6-6h212c3.3 0 6 2.7 6 6v20c0 3.3-2.7 6-6 6H134c-3.3 0-6-2.7-6-6v-20zm0 64c0-3.3 2.7-6 6-6h212c3.3 0 6 2.7 6 6v20c0 3.3-2.7 6-6 6H134c-3.3 0-6-2.7-6-6v-20zm253.4 250H96c-17.7 0-32-14.3-32-32 0-17.6 14.4-32 32-32h285.4c-1.9 17.1-1.9 46.9 0 64z\"><\/path><\/svg><\/span><span class=\"gb-headline-text\">Gesti\u00f3n autom\u00e1tica de citas y recordatorios<\/span><\/h4>\n\n\n\n<p><em>Agenda reuniones y env\u00eda recordatorios de manera autom\u00e1tica. El sistema facilita la programaci\u00f3n eficiente sin necesidad de intervenci\u00f3n humana, optimizando la organizaci\u00f3n.<\/em><\/p>\n\n<\/div>\n<\/div>\n\n<div class=\"gb-container gb-container-fbd3cca3\">\n<div class=\"gb-container gb-container-496e2b8e\">\n\n<h4 class=\"gb-headline gb-headline-679b6694\"><span class=\"gb-icon\"><svg aria-hidden=\"true\" role=\"img\" height=\"1em\" width=\"1em\" viewbox=\"0 0 576 512\" xmlns=\"http:\/\/www.w3.org\/2000\/svg\"><path fill=\"currentColor\" d=\"M576 240c0-23.63-12.95-44.04-32-55.12V32.01C544 23.26 537.02 0 512 0c-7.12 0-14.19 2.38-19.98 7.02l-85.03 68.03C364.28 109.19 310.66 128 256 128H64c-35.35 0-64 28.65-64 64v96c0 35.35 28.65 64 64 64h33.7c-1.39 10.48-2.18 21.14-2.18 32 0 39.77 9.26 77.35 25.56 110.94 5.19 10.69 16.52 17.06 28.4 17.06h74.28c26.05 0 41.69-29.84 25.9-50.56-16.4-21.52-26.15-48.36-26.15-77.44 0-11.11 1.62-21.79 4.41-32H256c54.66 0 108.28 18.81 150.98 52.95l85.03 68.03a32.023 32.023 0 0 0 19.98 7.02c24.92 0 32-22.78 32-32V295.13C563.05 284.04 576 263.63 576 240zm-96 141.42l-33.05-26.44C392.95 311.78 325.12 288 256 288v-96c69.12 0 136.95-23.78 190.95-66.98L480 98.58v282.84z\"><\/path><\/svg><\/span><span class=\"gb-headline-text\">Optimizaci\u00f3n del flujo de llamadas<\/span><\/h4>\n\n\n\n<p><em>Prioriza y redirige llamadas seg\u00fan la intenci\u00f3n detectada, asegurando que las consultas importantes lleguen al agente adecuado o se resuelvan directamente mediante IA.<\/em><\/p>\n\n<\/div>\n\n<div class=\"gb-container gb-container-b8f90aae\">\n\n<h4 class=\"gb-headline gb-headline-a46251b5\"><span class=\"gb-icon\"><svg aria-hidden=\"true\" role=\"img\" height=\"1em\" width=\"1em\" viewbox=\"0 0 496 512\" xmlns=\"http:\/\/www.w3.org\/2000\/svg\"><path fill=\"currentColor\" d=\"M248 8C111 8 0 119 0 256s111 248 248 248 248-111 248-248S385 8 248 8zm0 96c48.6 0 88 39.4 88 88s-39.4 88-88 88-88-39.4-88-88 39.4-88 88-88zm0 344c-58.7 0-111.3-26.6-146.5-68.2 18.8-35.4 55.6-59.8 98.5-59.8 2.4 0 4.8.4 7.1 1.1 13 4.2 26.6 6.9 40.9 6.9 14.3 0 28-2.7 40.9-6.9 2.3-.7 4.7-1.1 7.1-1.1 42.9 0 79.7 24.4 98.5 59.8C359.3 421.4 306.7 448 248 448z\"><\/path><\/svg><\/span><span class=\"gb-headline-text\">Reducci\u00f3n de costos operativos<\/span><\/h4>\n\n\n\n<p><em>Automatiza tareas repetitivas como la clasificaci\u00f3n de llamadas, el soporte inicial y la gesti\u00f3n de citas, permiti\u00e9ndote reducir los costos asociados al personal sin comprometer la calidad del servicio.<\/em><\/p>\n\n<\/div>\n\n<div class=\"gb-container gb-container-37f08cb1\">\n\n<h4 class=\"gb-headline gb-headline-63f1ce78\"><span class=\"gb-icon\"><svg aria-hidden=\"true\" role=\"img\" height=\"1em\" width=\"1em\" viewbox=\"0 0 512 512\" xmlns=\"http:\/\/www.w3.org\/2000\/svg\"><path fill=\"currentColor\" d=\"M466.5 83.7l-192-80a48.15 48.15 0 0 0-36.9 0l-192 80C27.7 91.1 16 108.6 16 128c0 198.5 114.5 335.7 221.5 380.3 11.8 4.9 25.1 4.9 36.9 0C360.1 472.6 496 349.3 496 128c0-19.4-11.7-36.9-29.5-44.3zM256.1 446.3l-.1-381 175.9 73.3c-3.3 151.4-82.1 261.1-175.8 307.7z\"><\/path><\/svg><\/span><span class=\"gb-headline-text\">Personalizaci\u00f3n de respuestas y experiencia del cliente<\/span><\/h4>\n\n\n\n<p><em>Cada interacci\u00f3n es personalizada gracias a la IA adaptativa, que aprende y ajusta las respuestas seg\u00fan el historial y las preferencias del cliente, creando experiencias m\u00e1s satisfactorias.<\/em><\/p>\n\n<\/div>\n<\/div>\n\n<div class=\"gb-container gb-container-c795ec9a\">\n\n<p class=\"has-text-align-right\">Descubre c\u00f3mo estos beneficios pueden transformar tu negocio. Solicita una demo gratuita.<\/p>\n\n\n\n<a class=\"gb-button gb-button-ba0071a7\" href=\"#contacto\"><span class=\"gb-button-text\">Solicita una demo<\/span><span class=\"gb-icon\"><svg viewbox=\"0 0 16 16\" class=\"bi bi-arrow-right-short\" fill=\"currentColor\" height=\"16\" width=\"16\" xmlns=\"http:\/\/www.w3.org\/2000\/svg\">   <path d=\"M4 8a.5.5 0 0 1 .5-.5h5.793L8.146 5.354a.5.5 0 1 1 .708-.708l3 3a.5.5 0 0 1 0 .708l-3 3a.5.5 0 0 1-.708-.708L10.293 8.5H4.5A.5.5 0 0 1 4 8z\" fill-rule=\"evenodd\"><\/path> <\/svg><\/span><\/a>\n\n<\/div>\n<\/div>\n<\/div>\n\n<div class=\"gb-container gb-container-83bb6cd2\">\n\n<h3 class=\"gb-headline gb-headline-9542aac4\"><span class=\"gb-icon\"><svg xmlns=\"http:\/\/www.w3.org\/2000\/svg\" viewbox=\"0 0 8.145 54.189\"><path d=\"M4.262 40.052V0l-.439.438v39.613l.439.001zm-.439 3.853v9.845l.438.438.001-10.284-.439.001zm3.883-11.29v17.518l.439-.439V32.615h-.439zm0-8.273h.439V9.495l-.439-.439v15.286zM.439 21.074V4.056L0 4.495l.001 16.579h.438zm.001 6.274l-.439-.001v19.347l.439.439V27.348z\"><\/path><\/svg><\/span><span class=\"gb-headline-text\">Automatizaci\u00f3n inteligente en cada interacci\u00f3n telef\u00f3nica<\/span><\/h3>\n\n\n\n<p>Klaud-AI Call Center automatiza todo el proceso de atenci\u00f3n telef\u00f3nica, desde la recepci\u00f3n hasta la gesti\u00f3n de datos y la generaci\u00f3n de oportunidades. Descubre c\u00f3mo cada llamada se convierte en una experiencia fluida y optimizada.<\/p>\n\n\n<div class=\"gb-container gb-container-ca60c614\">\n<div class=\"gb-grid-wrapper gb-grid-wrapper-a1936f7f\">\n<div class=\"gb-grid-column gb-grid-column-1c7790c5\"><div class=\"gb-container gb-container-1c7790c5\">\n\n<h4 class=\"gb-headline gb-headline-b4525501\"><span class=\"gb-icon\"><svg aria-hidden=\"true\" role=\"img\" height=\"1em\" width=\"1em\" viewbox=\"0 0 512 512\" xmlns=\"http:\/\/www.w3.org\/2000\/svg\"><path fill=\"currentColor\" d=\"M493.4 24.6l-104-24c-11.3-2.6-22.9 3.3-27.5 13.9l-48 112c-4.2 9.8-1.4 21.3 6.9 28l60.6 49.6c-36 76.7-98.9 140.5-177.2 177.2l-49.6-60.6c-6.8-8.3-18.2-11.1-28-6.9l-112 48C3.9 366.5-2 378.1.6 389.4l24 104C27.1 504.2 36.7 512 48 512c256.1 0 464-207.5 464-464 0-11.2-7.7-20.9-18.6-23.4z\"><\/path><\/svg><\/span><span class=\"gb-headline-text\">Recepci\u00f3n y clasificaci\u00f3n autom\u00e1tica de llamadas<\/span><\/h4>\n\n\n\n<p>El sistema recibe y clasifica autom\u00e1ticamente las llamadas seg\u00fan la intenci\u00f3n del cliente (soporte, ventas o gesti\u00f3n de citas). Utiliza IA avanzada para interpretar el prop\u00f3sito de la llamada en tiempo real y asignar la acci\u00f3n adecuada.<\/p>\n\n<\/div><\/div>\n\n<div class=\"gb-grid-column gb-grid-column-07e72950\"><div class=\"gb-container gb-container-07e72950\">\n\n<h4 class=\"gb-headline gb-headline-ca0d283c\"><span class=\"gb-icon\"><svg aria-hidden=\"true\" role=\"img\" height=\"1em\" width=\"1em\" viewbox=\"0 0 512 512\" xmlns=\"http:\/\/www.w3.org\/2000\/svg\"><path fill=\"currentColor\" d=\"M256 56c110.532 0 200 89.451 200 200 0 110.532-89.451 200-200 200-110.532 0-200-89.451-200-200 0-110.532 89.451-200 200-200m0-48C119.033 8 8 119.033 8 256s111.033 248 248 248 248-111.033 248-248S392.967 8 256 8zm0 168c-44.183 0-80 35.817-80 80s35.817 80 80 80 80-35.817 80-80-35.817-80-80-80z\"><\/path><\/svg><\/span><span class=\"gb-headline-text\">Respuestas automatizadas y personalizaci\u00f3n<\/span><\/h4>\n\n\n\n<p class=\"has-text-align-center\">Proporciona respuestas automatizadas adaptadas a la consulta del cliente, basadas en datos hist\u00f3ricos y contexto en tiempo real. Si la llamada requiere asistencia adicional, el sistema puede transferirla al agente correspondiente o registrar el detalle en <strong>Klaud-IA Integrated CRM<\/strong>.<\/p>\n\n<\/div><\/div>\n\n<div class=\"gb-grid-column gb-grid-column-60b22d20\"><div class=\"gb-container gb-container-60b22d20\">\n\n<h4 class=\"gb-headline gb-headline-95403f20\"><span class=\"gb-icon\"><svg xmlns=\"http:\/\/www.w3.org\/2000\/svg\" width=\"16\" height=\"16\" fill=\"currentColor\" class=\"bi bi-cpu\" viewbox=\"0 0 16 16\">   <path d=\"M5 0a.5.5 0 0 1 .5.5V2h1V.5a.5.5 0 0 1 1 0V2h1V.5a.5.5 0 0 1 1 0V2h1V.5a.5.5 0 0 1 1 0V2A2.5 2.5 0 0 1 14 4.5h1.5a.5.5 0 0 1 0 1H14v1h1.5a.5.5 0 0 1 0 1H14v1h1.5a.5.5 0 0 1 0 1H14v1h1.5a.5.5 0 0 1 0 1H14a2.5 2.5 0 0 1-2.5 2.5v1.5a.5.5 0 0 1-1 0V14h-1v1.5a.5.5 0 0 1-1 0V14h-1v1.5a.5.5 0 0 1-1 0V14h-1v1.5a.5.5 0 0 1-1 0V14A2.5 2.5 0 0 1 2 11.5H.5a.5.5 0 0 1 0-1H2v-1H.5a.5.5 0 0 1 0-1H2v-1H.5a.5.5 0 0 1 0-1H2v-1H.5a.5.5 0 0 1 0-1H2A2.5 2.5 0 0 1 4.5 2V.5A.5.5 0 0 1 5 0zm-.5 3A1.5 1.5 0 0 0 3 4.5v7A1.5 1.5 0 0 0 4.5 13h7a1.5 1.5 0 0 0 1.5-1.5v-7A1.5 1.5 0 0 0 11.5 3h-7zM5 6.5A1.5 1.5 0 0 1 6.5 5h3A1.5 1.5 0 0 1 11 6.5v3A1.5 1.5 0 0 1 9.5 11h-3A1.5 1.5 0 0 1 5 9.5v-3zM6.5 6a.5.5 0 0 0-.5.5v3a.5.5 0 0 0 .5.5h3a.5.5 0 0 0 .5-.5v-3a.5.5 0 0 0-.5-.5h-3z\"><\/path> <\/svg><\/span><span class=\"gb-headline-text\">Gesti\u00f3n de datos y sincronizaci\u00f3n en la nube<\/span><\/h4>\n\n\n\n<p class=\"has-text-align-center\">Los datos de cada interacci\u00f3n se registran autom\u00e1ticamente y se sincronizan con los sistemas de gesti\u00f3n, como <strong>Klaud-IA Integrated CRM<\/strong>, facilitando el seguimiento de leads, citas y resultados de ventas. Todo queda centralizado para optimizar futuras interacciones.<\/p>\n\n<\/div><\/div>\n<\/div>\n<\/div>\n\n<div class=\"gb-container gb-container-1cbebb06\">\n\n<p class=\"has-text-align-right\">Descubre c\u00f3mo nuestra automatizaci\u00f3n puede transformar tu gesti\u00f3n de llamadas. Solicita una demo gratuita hoy mismo.<\/p>\n\n\n\n<a class=\"gb-button gb-button-a9cac7c6\" href=\"#contacto\"><span class=\"gb-button-text\">Solicita una demo<\/span><span class=\"gb-icon\"><svg viewbox=\"0 0 16 16\" class=\"bi bi-arrow-right-short\" fill=\"currentColor\" height=\"16\" width=\"16\" xmlns=\"http:\/\/www.w3.org\/2000\/svg\">   <path d=\"M4 8a.5.5 0 0 1 .5-.5h5.793L8.146 5.354a.5.5 0 1 1 .708-.708l3 3a.5.5 0 0 1 0 .708l-3 3a.5.5 0 0 1-.708-.708L10.293 8.5H4.5A.5.5 0 0 1 4 8z\" fill-rule=\"evenodd\"><\/path> <\/svg><\/span><\/a>\n\n<\/div>\n<\/div>\n\n<div class=\"gb-container gb-container-1bbb3991\">\n<div class=\"gb-container gb-container-9e13603f\">\n\n<h3 class=\"gb-headline gb-headline-91e147fd\"><span class=\"gb-icon\"><svg xmlns=\"http:\/\/www.w3.org\/2000\/svg\" viewbox=\"0 0 8.145 54.189\"><path d=\"M4.262 40.052V0l-.439.438v39.613l.439.001zm-.439 3.853v9.845l.438.438.001-10.284-.439.001zm3.883-11.29v17.518l.439-.439V32.615h-.439zm0-8.273h.439V9.495l-.439-.439v15.286zM.439 21.074V4.056L0 4.495l.001 16.579h.438zm.001 6.274l-.439-.001v19.347l.439.439V27.348z\"><\/path><\/svg><\/span><span class=\"gb-headline-text\">Preguntas frecuentes sobre Klaud-IA Call Center<\/span><\/h3>\n\n\n\n<p class=\"has-text-align-center\">Sabemos que elegir la soluci\u00f3n adecuada para tu negocio es una decisi\u00f3n importante. Aqu\u00ed te respondemos las preguntas m\u00e1s comunes para que descubras c\u00f3mo <strong>Klaud-IA Call Center<\/strong>puede integrarse f\u00e1cilmente en tu empresa y ayudarte a optimizar la gesti\u00f3n de clientes.<\/p>\n\n\n<div id=\"rank-math-faq\" class=\"rank-math-block\">\n<div class=\"rank-math-list\">\n<div id=\"faq-question-1739147960826\" class=\"rank-math-list-item\">\n<h3 class=\"rank-math-question\">\u00bfC\u00f3mo detecta Klaud-AI Call Center la intenci\u00f3n de la llamada?<\/h3>\n<div class=\"rank-math-answer\">\n\n<p>Utiliza IA avanzada y procesamiento de lenguaje natural (NLP) para analizar en tiempo real el prop\u00f3sito de la llamada y clasificarla en categor\u00edas como soporte, ventas o gesti\u00f3n de citas.<\/p>\n\n<\/div>\n<\/div>\n<div id=\"faq-question-1739147975437\" class=\"rank-math-list-item\">\n<h3 class=\"rank-math-question\">\u00bfPuede Klaud-AI Call Center integrarse con mi CRM actual?<\/h3>\n<div class=\"rank-math-answer\">\n\n<p>S\u00ed, Klaud-AI Call Center se integra de forma nativa con <strong>Klaud-IA Integrated CRM<\/strong> y es compatible con otros sistemas CRM mediante integraciones personalizadas.<\/p>\n\n<\/div>\n<\/div>\n<div id=\"faq-question-1739147984960\" class=\"rank-math-list-item\">\n<h3 class=\"rank-math-question\">\u00bfEl sistema puede funcionar en varios idiomas?<\/h3>\n<div class=\"rank-math-answer\">\n\n<p>S\u00ed, Klaud-AI Call Center soporta m\u00faltiples idiomas, lo que permite atender llamadas de clientes de diversas regiones de manera eficiente.<\/p>\n\n<\/div>\n<\/div>\n<div id=\"faq-question-1739147994040\" class=\"rank-math-list-item\">\n<h3 class=\"rank-math-question\">\u00bfPuede el sistema detectar y corregir errores en las facturas?<\/h3>\n<div class=\"rank-math-answer\">\n\n<p>S\u00ed, Klaud-IA Invoicer verifica autom\u00e1ticamente la informaci\u00f3n contenida en las facturas y detecta posibles errores o inconsistencias, lo que garantiza la precisi\u00f3n en los datos.<\/p>\n\n<\/div>\n<\/div>\n<div id=\"faq-question-1739148007825\" class=\"rank-math-list-item\">\n<h3 class=\"rank-math-question\">\u00bfQu\u00e9 sucede si la IA no puede responder una consulta?<\/h3>\n<div class=\"rank-math-answer\">\n\n<p>Si el sistema no puede resolver la consulta, la llamada se transfiere autom\u00e1ticamente al agente adecuado, garantizando una atenci\u00f3n sin interrupciones.<\/p>\n\n<\/div>\n<\/div>\n<div id=\"faq-question-1739148016132\" class=\"rank-math-list-item\">\n<h3 class=\"rank-math-question\">\u00bfEs seguro el almacenamiento de datos de llamadas y clientes?<\/h3>\n<div class=\"rank-math-answer\">\n\n<p>S\u00ed, el sistema emplea protocolos avanzados de seguridad, incluyendo cifrado de datos y controles de acceso, para proteger toda la informaci\u00f3n recopilada.<\/p>\n\n<\/div>\n<\/div>\n<div id=\"faq-question-1739148025284\" class=\"rank-math-list-item\">\n<h3 class=\"rank-math-question\">\u00bfC\u00f3mo gestiona Klaud-AI Call Center los leads de ventas detectados?<\/h3>\n<div class=\"rank-math-answer\">\n\n<p>Los leads identificados durante las llamadas son registrados autom\u00e1ticamente en <strong>Klaud-IA Integrated CRM<\/strong>, permitiendo un seguimiento eficiente y continuo.<\/p>\n\n<\/div>\n<\/div>\n<\/div>\n<\/div>\n<\/div>\n<\/div>\n\n<div class=\"gb-container gb-container-a3c3b0a5\" id=\"contacto\">\n<div class=\"gb-container gb-container-8a99afa4\">\n\n<h3 class=\"gb-headline gb-headline-147ee233\"><span class=\"gb-icon\"><svg xmlns=\"http:\/\/www.w3.org\/2000\/svg\" viewbox=\"0 0 8.145 54.189\"><path d=\"M4.262 40.052V0l-.439.438v39.613l.439.001zm-.439 3.853v9.845l.438.438.001-10.284-.439.001zm3.883-11.29v17.518l.439-.439V32.615h-.439zm0-8.273h.439V9.495l-.439-.439v15.286zM.439 21.074V4.056L0 4.495l.001 16.579h.438zm.001 6.274l-.439-.001v19.347l.439.439V27.348z\"><\/path><\/svg><\/span><span class=\"gb-headline-text\">\u00bfListo para revolucionar tu atenci\u00f3n telef\u00f3nica?<\/span><\/h3>\n\n\n<div class=\"gb-grid-wrapper gb-grid-wrapper-66d978b5\">\n<div class=\"gb-grid-column gb-grid-column-508cd428\"><div class=\"gb-container gb-container-508cd428\">\n\n<p>Descubre c\u00f3mo <strong>Klaud-AI Call Center <\/strong>puede transformar cada llamada en una oportunidad.<\/p>\n\n\n\n<p>Solicita una demo personalizada y conoce de primera mano c\u00f3mo la automatizaci\u00f3n inteligente puede mejorar la eficiencia y maximizar resultados en tu empresa. Nuestro equipo est\u00e1 listo para ayudarte a dar el siguiente paso.<\/p>\n\n<\/div><\/div>\n\n<div class=\"gb-grid-column gb-grid-column-272fc48e\"><div class=\"gb-container gb-container-272fc48e\">\n<p>[hubspot type=\u00bbform\u00bb portal=\u00bb49373576&#8243; id=\u00bbc4110ef6-2ef4-47c1-a4eb-692b28f98fbf\u00bb]<\/p>\n\n<\/div><\/div>\n<\/div>\n<\/div>\n<\/div>","protected":false},"excerpt":{"rendered":"<p>Klaud-AI Call Center la atenci\u00f3n telef\u00f3nica automatizada que potencia cada interacci\u00f3n. Transforma cada llamada en una oportunidad con IA avanzada Automatiza la atenci\u00f3n telef\u00f3nica y optimiza cada interacci\u00f3n con clientes con nuestra centralita digital automatizada. Desde la detecci\u00f3n de leads hasta la gesti\u00f3n de citas, Klaud-AI Call Center se convierte en el aliado perfecto para &#8230; <a title=\"Klaud-AI Call Center\" class=\"read-more\" href=\"https:\/\/klaud-ia.com\/en\/soluciones\/klaud-ai-call-center\/\" aria-label=\"Read more about Klaud-AI Call Center\">Read more<\/a><\/p>","protected":false},"author":1,"featured_media":0,"parent":1137,"menu_order":0,"comment_status":"closed","ping_status":"closed","template":"","meta":{"footnotes":""},"class_list":["post-1295","page","type-page","status-publish"],"_links":{"self":[{"href":"https:\/\/klaud-ia.com\/en\/wp-json\/wp\/v2\/pages\/1295","targetHints":{"allow":["GET"]}}],"collection":[{"href":"https:\/\/klaud-ia.com\/en\/wp-json\/wp\/v2\/pages"}],"about":[{"href":"https:\/\/klaud-ia.com\/en\/wp-json\/wp\/v2\/types\/page"}],"author":[{"embeddable":true,"href":"https:\/\/klaud-ia.com\/en\/wp-json\/wp\/v2\/users\/1"}],"replies":[{"embeddable":true,"href":"https:\/\/klaud-ia.com\/en\/wp-json\/wp\/v2\/comments?post=1295"}],"version-history":[{"count":10,"href":"https:\/\/klaud-ia.com\/en\/wp-json\/wp\/v2\/pages\/1295\/revisions"}],"predecessor-version":[{"id":1426,"href":"https:\/\/klaud-ia.com\/en\/wp-json\/wp\/v2\/pages\/1295\/revisions\/1426"}],"up":[{"embeddable":true,"href":"https:\/\/klaud-ia.com\/en\/wp-json\/wp\/v2\/pages\/1137"}],"wp:attachment":[{"href":"https:\/\/klaud-ia.com\/en\/wp-json\/wp\/v2\/media?parent=1295"}],"curies":[{"name":"wp","href":"https:\/\/api.w.org\/{rel}","templated":true}]}}