{"id":1291,"date":"2025-02-09T14:08:49","date_gmt":"2025-02-09T14:08:49","guid":{"rendered":"https:\/\/klaud-ia.com\/?page_id=1291"},"modified":"2025-02-20T21:41:29","modified_gmt":"2025-02-20T21:41:29","slug":"klaud-ia-integrated-crm","status":"publish","type":"page","link":"https:\/\/klaud-ia.com\/en\/soluciones\/klaud-ia-integrated-crm\/","title":{"rendered":"Klaud-IA Integrated CRM"},"content":{"rendered":"<div class=\"gb-container gb-container-caf941ec\">\n<div class=\"gb-container gb-container-fc54192d\">\n<div class=\"gb-container gb-container-54c3d59d\">\n\n<div class=\"gb-headline gb-headline-03309601 gb-headline-text\">La gesti\u00f3n de clientes, simplificada y optimizada con Klaud-IA Integrated CRM.<\/div>\n\n\n\n<h2 class=\"gb-headline gb-headline-c3926157 gb-headline-text\">Un CRM ligero, eficiente y totalmente integrado con Office 365 y SharePoint.<\/h2>\n\n\n\n<div class=\"gb-headline gb-headline-8a92fbc7 gb-headline-text\">Klaud-IA Integrated CRM se integra perfectamente con Office 365 y SharePoint para optimizar tu productividad y colaboraci\u00f3n.<\/div>\n\n\n<div class=\"gb-container gb-container-6ffab131\">\n\n<a class=\"gb-button gb-button-5809618f\" href=\"#contacto\"><span class=\"gb-button-text\">Solicita una demo gratuita<\/span><span class=\"gb-icon\"><svg viewbox=\"0 0 16 16\" class=\"bi bi-arrow-right-short\" fill=\"currentColor\" height=\"16\" width=\"16\" xmlns=\"http:\/\/www.w3.org\/2000\/svg\">   <path d=\"M4 8a.5.5 0 0 1 .5-.5h5.793L8.146 5.354a.5.5 0 1 1 .708-.708l3 3a.5.5 0 0 1 0 .708l-3 3a.5.5 0 0 1-.708-.708L10.293 8.5H4.5A.5.5 0 0 1 4 8z\" fill-rule=\"evenodd\"><\/path> <\/svg><\/span><\/a>\n\n<\/div>\n<\/div>\n\n<div class=\"gb-container gb-container-87682e85\">\n\n<figure class=\"gb-block-image gb-block-image-3a9c057d\"><img loading=\"lazy\" decoding=\"async\" width=\"1152\" height=\"896\" class=\"gb-image gb-image-3a9c057d\" src=\"https:\/\/klaud-ia.com\/wp-content\/uploads\/2025-02-09_15-07-52_3172.png\" alt=\"Klaud-IA Integrated CRM. Un CRM ligero, eficiente y totalmente integrado con Office 365 y SharePoint.\" title=\"2025-02-09_15-07-52_3172\" srcset=\"https:\/\/klaud-ia.com\/wp-content\/uploads\/2025-02-09_15-07-52_3172.png 1152w, https:\/\/klaud-ia.com\/wp-content\/uploads\/2025-02-09_15-07-52_3172-300x233.png 300w, https:\/\/klaud-ia.com\/wp-content\/uploads\/2025-02-09_15-07-52_3172-1024x796.png 1024w, https:\/\/klaud-ia.com\/wp-content\/uploads\/2025-02-09_15-07-52_3172-768x597.png 768w, https:\/\/klaud-ia.com\/wp-content\/uploads\/2025-02-09_15-07-52_3172-15x12.png 15w\" sizes=\"auto, (max-width: 1152px) 100vw, 1152px\" \/><\/figure>\n\n<\/div>\n<\/div>\n<\/div>\n\n<div class=\"gb-container gb-container-04d000c7\">\n<div class=\"gb-container gb-container-9efc77d1\">\n\n<h3 class=\"gb-headline gb-headline-8e0d3202\"><span class=\"gb-icon\"><svg xmlns=\"http:\/\/www.w3.org\/2000\/svg\" viewbox=\"0 0 8.145 54.189\"><path d=\"M4.262 40.052V0l-.439.438v39.613l.439.001zm-.439 3.853v9.845l.438.438.001-10.284-.439.001zm3.883-11.29v17.518l.439-.439V32.615h-.439zm0-8.273h.439V9.495l-.439-.439v15.286zM.439 21.074V4.056L0 4.495l.001 16.579h.438zm.001 6.274l-.439-.001v19.347l.439.439V27.348z\"><\/path><\/svg><\/span><span class=\"gb-headline-text\">Los Beneficios de Nuestras Soluciones para tu Negocio<\/span><\/h3>\n\n\n<div class=\"gb-container gb-container-906045d0\">\n<div class=\"gb-container gb-container-ba6b213d\">\n\n<h4 class=\"gb-headline gb-headline-b80f7970\"><span class=\"gb-icon\"><svg aria-hidden=\"true\" role=\"img\" height=\"1em\" width=\"1em\" viewbox=\"0 0 512 512\" xmlns=\"http:\/\/www.w3.org\/2000\/svg\"><path fill=\"currentColor\" d=\"M440 6.5L24 246.4c-34.4 19.9-31.1 70.8 5.7 85.9L144 379.6V464c0 46.4 59.2 65.5 86.6 28.6l43.8-59.1 111.9 46.2c5.9 2.4 12.1 3.6 18.3 3.6 8.2 0 16.3-2.1 23.6-6.2 12.8-7.2 21.6-20 23.9-34.5l59.4-387.2c6.1-40.1-36.9-68.8-71.5-48.9zM192 464v-64.6l36.6 15.1L192 464zm212.6-28.7l-153.8-63.5L391 169.5c10.7-15.5-9.5-33.5-23.7-21.2L155.8 332.6 48 288 464 48l-59.4 387.3z\"><\/path><\/svg><\/span><span class=\"gb-headline-text\">Integraci\u00f3n perfecta con Office 365 y SharePoint<\/span><\/h4>\n\n\n\n<p class=\"has-text-align-center\"><em>Centraliza toda la informaci\u00f3n de tus clientes y equipos en un entorno unificado. Aprovecha el potencial de Office 365 y SharePoint para compartir datos, colaborar en tiempo real y optimizar los flujos de trabajo sin interrupciones.<\/em><\/p>\n\n<\/div>\n\n<div class=\"gb-container gb-container-9bc069e7\">\n\n<h4 class=\"gb-headline gb-headline-293dee66\"><span class=\"gb-icon\"><svg viewbox=\"0 0 16 16\" class=\"bi bi-cpu\" fill=\"currentColor\" height=\"16\" width=\"16\" xmlns=\"http:\/\/www.w3.org\/2000\/svg\">   <path d=\"M5 0a.5.5 0 0 1 .5.5V2h1V.5a.5.5 0 0 1 1 0V2h1V.5a.5.5 0 0 1 1 0V2h1V.5a.5.5 0 0 1 1 0V2A2.5 2.5 0 0 1 14 4.5h1.5a.5.5 0 0 1 0 1H14v1h1.5a.5.5 0 0 1 0 1H14v1h1.5a.5.5 0 0 1 0 1H14v1h1.5a.5.5 0 0 1 0 1H14a2.5 2.5 0 0 1-2.5 2.5v1.5a.5.5 0 0 1-1 0V14h-1v1.5a.5.5 0 0 1-1 0V14h-1v1.5a.5.5 0 0 1-1 0V14h-1v1.5a.5.5 0 0 1-1 0V14A2.5 2.5 0 0 1 2 11.5H.5a.5.5 0 0 1 0-1H2v-1H.5a.5.5 0 0 1 0-1H2v-1H.5a.5.5 0 0 1 0-1H2v-1H.5a.5.5 0 0 1 0-1H2A2.5 2.5 0 0 1 4.5 2V.5A.5.5 0 0 1 5 0zm-.5 3A1.5 1.5 0 0 0 3 4.5v7A1.5 1.5 0 0 0 4.5 13h7a1.5 1.5 0 0 0 1.5-1.5v-7A1.5 1.5 0 0 0 11.5 3h-7zM5 6.5A1.5 1.5 0 0 1 6.5 5h3A1.5 1.5 0 0 1 11 6.5v3A1.5 1.5 0 0 1 9.5 11h-3A1.5 1.5 0 0 1 5 9.5v-3zM6.5 6a.5.5 0 0 0-.5.5v3a.5.5 0 0 0 .5.5h3a.5.5 0 0 0 .5-.5v-3a.5.5 0 0 0-.5-.5h-3z\"><\/path> <\/svg><\/span><span class=\"gb-headline-text\">Automatizaci\u00f3n inteligente de procesos<\/span><\/h4>\n\n\n\n<p><em>Elimina tareas repetitivas y administra autom\u00e1ticamente los registros de clientes, recordatorios y actualizaciones. Con el CRM de Klaud-IA, el trabajo manual es cosa del pasado.<\/em><\/p>\n\n<\/div>\n\n<div class=\"gb-container gb-container-b13bf44a\">\n\n<h4 class=\"gb-headline gb-headline-61039ced\"><span class=\"gb-icon\"><svg aria-hidden=\"true\" role=\"img\" height=\"1em\" width=\"1em\" viewbox=\"0 0 448 512\" xmlns=\"http:\/\/www.w3.org\/2000\/svg\"><path fill=\"currentColor\" d=\"M448 360V24c0-13.3-10.7-24-24-24H96C43 0 0 43 0 96v320c0 53 43 96 96 96h328c13.3 0 24-10.7 24-24v-16c0-7.5-3.5-14.3-8.9-18.7-4.2-15.4-4.2-59.3 0-74.7 5.4-4.3 8.9-11.1 8.9-18.6zM128 134c0-3.3 2.7-6 6-6h212c3.3 0 6 2.7 6 6v20c0 3.3-2.7 6-6 6H134c-3.3 0-6-2.7-6-6v-20zm0 64c0-3.3 2.7-6 6-6h212c3.3 0 6 2.7 6 6v20c0 3.3-2.7 6-6 6H134c-3.3 0-6-2.7-6-6v-20zm253.4 250H96c-17.7 0-32-14.3-32-32 0-17.6 14.4-32 32-32h285.4c-1.9 17.1-1.9 46.9 0 64z\"><\/path><\/svg><\/span><span class=\"gb-headline-text\">Accesible desde cualquier dispositivo<\/span><\/h4>\n\n\n\n<p><em>Mant\u00e9n el control de tus clientes y proyectos desde cualquier lugar. Nuestra soluci\u00f3n basada en la nube te brinda acceso seguro y remoto para trabajar de forma eficiente, est\u00e9s donde est\u00e9s.<\/em><\/p>\n\n<\/div>\n<\/div>\n\n<div class=\"gb-container gb-container-fbd3cca3\">\n<div class=\"gb-container gb-container-496e2b8e\">\n\n<h4 class=\"gb-headline gb-headline-679b6694\"><span class=\"gb-icon\"><svg aria-hidden=\"true\" role=\"img\" height=\"1em\" width=\"1em\" viewbox=\"0 0 576 512\" xmlns=\"http:\/\/www.w3.org\/2000\/svg\"><path fill=\"currentColor\" d=\"M576 240c0-23.63-12.95-44.04-32-55.12V32.01C544 23.26 537.02 0 512 0c-7.12 0-14.19 2.38-19.98 7.02l-85.03 68.03C364.28 109.19 310.66 128 256 128H64c-35.35 0-64 28.65-64 64v96c0 35.35 28.65 64 64 64h33.7c-1.39 10.48-2.18 21.14-2.18 32 0 39.77 9.26 77.35 25.56 110.94 5.19 10.69 16.52 17.06 28.4 17.06h74.28c26.05 0 41.69-29.84 25.9-50.56-16.4-21.52-26.15-48.36-26.15-77.44 0-11.11 1.62-21.79 4.41-32H256c54.66 0 108.28 18.81 150.98 52.95l85.03 68.03a32.023 32.023 0 0 0 19.98 7.02c24.92 0 32-22.78 32-32V295.13C563.05 284.04 576 263.63 576 240zm-96 141.42l-33.05-26.44C392.95 311.78 325.12 288 256 288v-96c69.12 0 136.95-23.78 190.95-66.98L480 98.58v282.84z\"><\/path><\/svg><\/span><span class=\"gb-headline-text\">Mejora en la productividad y colaboraci\u00f3n<\/span><\/h4>\n\n\n\n<p><em>Potencia la colaboraci\u00f3n entre equipos mediante datos actualizados en tiempo real. Los empleados pueden acceder a la misma informaci\u00f3n y trabajar juntos de forma m\u00e1s r\u00e1pida y eficiente.<\/em><\/p>\n\n<\/div>\n\n<div class=\"gb-container gb-container-b8f90aae\">\n\n<h4 class=\"gb-headline gb-headline-a46251b5\"><span class=\"gb-icon\"><svg aria-hidden=\"true\" role=\"img\" height=\"1em\" width=\"1em\" viewbox=\"0 0 496 512\" xmlns=\"http:\/\/www.w3.org\/2000\/svg\"><path fill=\"currentColor\" d=\"M248 8C111 8 0 119 0 256s111 248 248 248 248-111 248-248S385 8 248 8zm0 96c48.6 0 88 39.4 88 88s-39.4 88-88 88-88-39.4-88-88 39.4-88 88-88zm0 344c-58.7 0-111.3-26.6-146.5-68.2 18.8-35.4 55.6-59.8 98.5-59.8 2.4 0 4.8.4 7.1 1.1 13 4.2 26.6 6.9 40.9 6.9 14.3 0 28-2.7 40.9-6.9 2.3-.7 4.7-1.1 7.1-1.1 42.9 0 79.7 24.4 98.5 59.8C359.3 421.4 306.7 448 248 448z\"><\/path><\/svg><\/span><span class=\"gb-headline-text\">Personalizaci\u00f3n y escalabilidad<\/span><\/h4>\n\n\n\n<p><em>A medida que tu negocio crece, nuestro CRM se adapta a tus nuevas necesidades. Personaliza flujos de trabajo, informes y funciones para ajustarse a tu forma de trabajar.<\/em><\/p>\n\n<\/div>\n\n<div class=\"gb-container gb-container-37f08cb1\">\n\n<h4 class=\"gb-headline gb-headline-63f1ce78\"><span class=\"gb-icon\"><svg aria-hidden=\"true\" role=\"img\" height=\"1em\" width=\"1em\" viewbox=\"0 0 512 512\" xmlns=\"http:\/\/www.w3.org\/2000\/svg\"><path fill=\"currentColor\" d=\"M466.5 83.7l-192-80a48.15 48.15 0 0 0-36.9 0l-192 80C27.7 91.1 16 108.6 16 128c0 198.5 114.5 335.7 221.5 380.3 11.8 4.9 25.1 4.9 36.9 0C360.1 472.6 496 349.3 496 128c0-19.4-11.7-36.9-29.5-44.3zM256.1 446.3l-.1-381 175.9 73.3c-3.3 151.4-82.1 261.1-175.8 307.7z\"><\/path><\/svg><\/span><span class=\"gb-headline-text\">Seguridad y privacidad avanzadas<\/span><\/h4>\n\n\n\n<p><em>Protege la informaci\u00f3n sensible de tus clientes con controles de acceso avanzados y protocolos de seguridad integrados. Cumplimos con los m\u00e1s altos est\u00e1ndares de protecci\u00f3n de datos.<\/em><\/p>\n\n<\/div>\n<\/div>\n\n<div class=\"gb-container gb-container-c795ec9a\">\n\n<p class=\"has-text-align-right\">Descubre c\u00f3mo estos beneficios pueden transformar tu negocio. Solicita una demo gratuita.<\/p>\n\n\n\n<a class=\"gb-button gb-button-ba0071a7\" href=\"#contacto\"><span class=\"gb-button-text\">Solicita una demo<\/span><span class=\"gb-icon\"><svg viewbox=\"0 0 16 16\" class=\"bi bi-arrow-right-short\" fill=\"currentColor\" height=\"16\" width=\"16\" xmlns=\"http:\/\/www.w3.org\/2000\/svg\">   <path d=\"M4 8a.5.5 0 0 1 .5-.5h5.793L8.146 5.354a.5.5 0 1 1 .708-.708l3 3a.5.5 0 0 1 0 .708l-3 3a.5.5 0 0 1-.708-.708L10.293 8.5H4.5A.5.5 0 0 1 4 8z\" fill-rule=\"evenodd\"><\/path> <\/svg><\/span><\/a>\n\n<\/div>\n<\/div>\n<\/div>\n\n<div class=\"gb-container gb-container-83bb6cd2\">\n\n<h3 class=\"gb-headline gb-headline-9542aac4\"><span class=\"gb-icon\"><svg xmlns=\"http:\/\/www.w3.org\/2000\/svg\" viewbox=\"0 0 8.145 54.189\"><path d=\"M4.262 40.052V0l-.439.438v39.613l.439.001zm-.439 3.853v9.845l.438.438.001-10.284-.439.001zm3.883-11.29v17.518l.439-.439V32.615h-.439zm0-8.273h.439V9.495l-.439-.439v15.286zM.439 21.074V4.056L0 4.495l.001 16.579h.438zm.001 6.274l-.439-.001v19.347l.439.439V27.348z\"><\/path><\/svg><\/span><span class=\"gb-headline-text\">Lo que hace \u00fanico a Klaud-IA Integrated CRM<\/span><\/h3>\n\n\n\n<p>M\u00e1s que un CRM: una soluci\u00f3n integrada y dise\u00f1ada para crecer contigo<\/p>\n\n\n\n<div style=\"height:75px\" aria-hidden=\"true\" class=\"wp-block-spacer\"><\/div>\n\n\n<div class=\"gb-container gb-container-ca60c614\">\n<div class=\"gb-grid-wrapper gb-grid-wrapper-a1936f7f\">\n<div class=\"gb-grid-column gb-grid-column-1c7790c5\"><div class=\"gb-container gb-container-1c7790c5\">\n\n<h4 class=\"gb-headline gb-headline-b4525501\"><span class=\"gb-icon\"><svg aria-hidden=\"true\" role=\"img\" height=\"1em\" width=\"1em\" viewbox=\"0 0 512 512\" xmlns=\"http:\/\/www.w3.org\/2000\/svg\"><path fill=\"currentColor\" d=\"M440 6.5L24 246.4c-34.4 19.9-31.1 70.8 5.7 85.9L144 379.6V464c0 46.4 59.2 65.5 86.6 28.6l43.8-59.1 111.9 46.2c5.9 2.4 12.1 3.6 18.3 3.6 8.2 0 16.3-2.1 23.6-6.2 12.8-7.2 21.6-20 23.9-34.5l59.4-387.2c6.1-40.1-36.9-68.8-71.5-48.9zM192 464v-64.6l36.6 15.1L192 464zm212.6-28.7l-153.8-63.5L391 169.5c10.7-15.5-9.5-33.5-23.7-21.2L155.8 332.6 48 288 464 48l-59.4 387.3z\"><\/path><\/svg><\/span><span class=\"gb-headline-text\">Ligero y f\u00e1cil de usar<\/span><\/h4>\n\n\n\n<p>Olv\u00eddate de sistemas complejos y sobrecargados. Klaud-IA Integrated CRM ofrece una experiencia intuitiva y \u00e1gil, dise\u00f1ada para adaptarse f\u00e1cilmente a las operaciones diarias sin curvas de aprendizaje complicadas.<\/p>\n\n<\/div><\/div>\n\n<div class=\"gb-grid-column gb-grid-column-07e72950\"><div class=\"gb-container gb-container-07e72950\">\n\n<h4 class=\"gb-headline gb-headline-ca0d283c\"><span class=\"gb-icon\"><svg aria-hidden=\"true\" role=\"img\" height=\"1em\" width=\"1em\" viewbox=\"0 0 512 512\" xmlns=\"http:\/\/www.w3.org\/2000\/svg\"><path fill=\"currentColor\" d=\"M256 56c110.532 0 200 89.451 200 200 0 110.532-89.451 200-200 200-110.532 0-200-89.451-200-200 0-110.532 89.451-200 200-200m0-48C119.033 8 8 119.033 8 256s111.033 248 248 248 248-111.033 248-248S392.967 8 256 8zm0 168c-44.183 0-80 35.817-80 80s35.817 80 80 80 80-35.817 80-80-35.817-80-80-80z\"><\/path><\/svg><\/span><span class=\"gb-headline-text\">Integraci\u00f3n total con tu entorno de trabajo<\/span><\/h4>\n\n\n\n<p class=\"has-text-align-left\">Funciona de manera nativa con <strong>Office 365, SharePoint y otras herramientas clave<\/strong> de tu empresa. Evita la duplicaci\u00f3n de datos y maximiza la colaboraci\u00f3n entre equipos gracias a la conectividad continua.<\/p>\n\n<\/div><\/div>\n\n<div class=\"gb-grid-column gb-grid-column-60b22d20\"><div class=\"gb-container gb-container-60b22d20\">\n\n<h4 class=\"gb-headline gb-headline-95403f20\"><span class=\"gb-icon\"><svg xmlns=\"http:\/\/www.w3.org\/2000\/svg\" width=\"16\" height=\"16\" fill=\"currentColor\" class=\"bi bi-cpu\" viewbox=\"0 0 16 16\">   <path d=\"M5 0a.5.5 0 0 1 .5.5V2h1V.5a.5.5 0 0 1 1 0V2h1V.5a.5.5 0 0 1 1 0V2h1V.5a.5.5 0 0 1 1 0V2A2.5 2.5 0 0 1 14 4.5h1.5a.5.5 0 0 1 0 1H14v1h1.5a.5.5 0 0 1 0 1H14v1h1.5a.5.5 0 0 1 0 1H14v1h1.5a.5.5 0 0 1 0 1H14a2.5 2.5 0 0 1-2.5 2.5v1.5a.5.5 0 0 1-1 0V14h-1v1.5a.5.5 0 0 1-1 0V14h-1v1.5a.5.5 0 0 1-1 0V14h-1v1.5a.5.5 0 0 1-1 0V14A2.5 2.5 0 0 1 2 11.5H.5a.5.5 0 0 1 0-1H2v-1H.5a.5.5 0 0 1 0-1H2v-1H.5a.5.5 0 0 1 0-1H2v-1H.5a.5.5 0 0 1 0-1H2A2.5 2.5 0 0 1 4.5 2V.5A.5.5 0 0 1 5 0zm-.5 3A1.5 1.5 0 0 0 3 4.5v7A1.5 1.5 0 0 0 4.5 13h7a1.5 1.5 0 0 0 1.5-1.5v-7A1.5 1.5 0 0 0 11.5 3h-7zM5 6.5A1.5 1.5 0 0 1 6.5 5h3A1.5 1.5 0 0 1 11 6.5v3A1.5 1.5 0 0 1 9.5 11h-3A1.5 1.5 0 0 1 5 9.5v-3zM6.5 6a.5.5 0 0 0-.5.5v3a.5.5 0 0 0 .5.5h3a.5.5 0 0 0 .5-.5v-3a.5.5 0 0 0-.5-.5h-3z\"><\/path> <\/svg><\/span><span class=\"gb-headline-text\">Automatizaci\u00f3n inteligente<\/span><\/h4>\n\n\n\n<p class=\"has-text-align-left\">Optimiza la gesti\u00f3n de clientes con flujos de trabajo automatizados que te ayudan a realizar tareas repetitivas de forma r\u00e1pida y eficiente. Desde la creaci\u00f3n de registros hasta el seguimiento de oportunidades, la automatizaci\u00f3n es clave.<\/p>\n\n<\/div><\/div>\n<\/div>\n<\/div>\n\n<div class=\"gb-container gb-container-e5325d0a\">\n<div class=\"gb-grid-wrapper gb-grid-wrapper-754ad6e4\">\n<div class=\"gb-grid-column gb-grid-column-c04e73b5\"><div class=\"gb-container gb-container-c04e73b5\">\n\n<h4 class=\"gb-headline gb-headline-53d3dd53\"><span class=\"gb-icon\"><svg aria-hidden=\"true\" role=\"img\" height=\"1em\" width=\"1em\" viewbox=\"0 0 320 512\" xmlns=\"http:\/\/www.w3.org\/2000\/svg\"><path fill=\"currentColor\" d=\"M296 160H180.6l42.6-129.8C227.2 15 215.7 0 200 0H56C44 0 33.8 8.9 32.2 20.8l-32 240C-1.7 275.2 9.5 288 24 288h118.7L96.6 482.5c-3.6 15.2 8 29.5 23.3 29.5 8.4 0 16.4-4.4 20.8-12l176-304c9.3-15.9-2.2-36-20.7-36z\"><\/path><\/svg><\/span><span class=\"gb-headline-text\">Escalabilidad adaptable<\/span><\/h4>\n\n\n\n<p>Ya sea que est\u00e9s gestionando una peque\u00f1a empresa o una organizaci\u00f3n en expansi\u00f3n, Klaud-IA Integrated CRM crece contigo. Personaliza flujos de trabajo, informes y funciones para satisfacer tus necesidades actuales y futuras.<\/p>\n\n<\/div><\/div>\n\n<div class=\"gb-grid-column gb-grid-column-9d69adce\"><div class=\"gb-container gb-container-9d69adce\">\n\n<h4 class=\"gb-headline gb-headline-91c4df1d\"><span class=\"gb-icon\"><svg aria-hidden=\"true\" role=\"img\" height=\"1em\" width=\"1em\" viewbox=\"0 0 512 512\" xmlns=\"http:\/\/www.w3.org\/2000\/svg\"><path fill=\"currentColor\" d=\"M466.5 83.7l-192-80a48.15 48.15 0 0 0-36.9 0l-192 80C27.7 91.1 16 108.6 16 128c0 198.5 114.5 335.7 221.5 380.3 11.8 4.9 25.1 4.9 36.9 0C360.1 472.6 496 349.3 496 128c0-19.4-11.7-36.9-29.5-44.3zM256.1 446.3l-.1-381 175.9 73.3c-3.3 151.4-82.1 261.1-175.8 307.7z\"><\/path><\/svg><\/span><span class=\"gb-headline-text\">Seguridad integrada<\/span><\/h4>\n\n\n\n<p class=\"has-text-align-left\">Protege los datos sensibles de tus clientes con medidas de seguridad avanzadas y controles de acceso personalizados. Garantiza la confidencialidad mientras trabajas en entornos colaborativos.<\/p>\n\n<\/div><\/div>\n\n<div class=\"gb-grid-column gb-grid-column-45dd3dfe\"><div class=\"gb-container gb-container-45dd3dfe\">\n\n<h4 class=\"gb-headline gb-headline-2205c27d\"><span class=\"gb-icon\"><svg aria-hidden=\"true\" role=\"img\" height=\"1em\" width=\"1em\" viewbox=\"0 0 512 512\" xmlns=\"http:\/\/www.w3.org\/2000\/svg\"><path fill=\"currentColor\" d=\"M462.3 62.6C407.5 15.9 326 24.3 275.7 76.2L256 96.5l-19.7-20.3C186.1 24.3 104.5 15.9 49.7 62.6c-62.8 53.6-66.1 149.8-9.9 207.9l193.5 199.8c12.5 12.9 32.8 12.9 45.3 0l193.5-199.8c56.3-58.1 53-154.3-9.8-207.9z\"><\/path><\/svg><\/span><span class=\"gb-headline-text\">Implementaci\u00f3n r\u00e1pida y sin complicaciones<\/span><\/h4>\n\n\n\n<p class=\"has-text-align-left\">Reduce los tiempos de adopci\u00f3n y empieza a ver resultados r\u00e1pidamente. Con nuestra integraci\u00f3n nativa, puedes configurar y comenzar a trabajar en poco tiempo, minimizando interrupciones en tus operaciones.<\/p>\n\n<\/div><\/div>\n<\/div>\n<\/div>\n\n<div class=\"gb-container gb-container-1cbebb06\">\n\n<p class=\"has-text-align-right\">Descubre lo que hace \u00fanico a Klaud-IA Integrated CRM. Pru\u00e9balo por ti mismo.<\/p>\n\n\n\n<a class=\"gb-button gb-button-a9cac7c6\" href=\"#contacto\"><span class=\"gb-button-text\">Solicita una demo<\/span><span class=\"gb-icon\"><svg viewbox=\"0 0 16 16\" class=\"bi bi-arrow-right-short\" fill=\"currentColor\" height=\"16\" width=\"16\" xmlns=\"http:\/\/www.w3.org\/2000\/svg\">   <path d=\"M4 8a.5.5 0 0 1 .5-.5h5.793L8.146 5.354a.5.5 0 1 1 .708-.708l3 3a.5.5 0 0 1 0 .708l-3 3a.5.5 0 0 1-.708-.708L10.293 8.5H4.5A.5.5 0 0 1 4 8z\" fill-rule=\"evenodd\"><\/path> <\/svg><\/span><\/a>\n\n<\/div>\n<\/div>\n\n<div class=\"gb-container gb-container-1bbb3991\">\n<div class=\"gb-container gb-container-9e13603f\">\n\n<h3 class=\"gb-headline gb-headline-91e147fd\"><span class=\"gb-icon\"><svg xmlns=\"http:\/\/www.w3.org\/2000\/svg\" viewbox=\"0 0 8.145 54.189\"><path d=\"M4.262 40.052V0l-.439.438v39.613l.439.001zm-.439 3.853v9.845l.438.438.001-10.284-.439.001zm3.883-11.29v17.518l.439-.439V32.615h-.439zm0-8.273h.439V9.495l-.439-.439v15.286zM.439 21.074V4.056L0 4.495l.001 16.579h.438zm.001 6.274l-.439-.001v19.347l.439.439V27.348z\"><\/path><\/svg><\/span><span class=\"gb-headline-text\">Preguntas frecuentes sobre Klaud-IA Integrated CRM<\/span><\/h3>\n\n\n\n<p class=\"has-text-align-center\">Sabemos que elegir la soluci\u00f3n adecuada para tu negocio es una decisi\u00f3n importante. Aqu\u00ed te respondemos las preguntas m\u00e1s comunes para que descubras c\u00f3mo <strong>Klaud-IA Integrated CRM<\/strong> puede integrarse f\u00e1cilmente en tu empresa y ayudarte a optimizar la gesti\u00f3n de clientes.<\/p>\n\n\n<div id=\"rank-math-faq\" class=\"rank-math-block\">\n<div class=\"rank-math-list\">\n<div id=\"faq-question-1739147960826\" class=\"rank-math-list-item\">\n<h3 class=\"rank-math-question\">\u00bfC\u00f3mo se integra Klaud-IA Integrated CRM con Office 365 y SharePoint?<\/h3>\n<div class=\"rank-math-answer\">\n\n<p>Klaud-IA Integrated CRM se conecta directamente con tu entorno de Office 365 y SharePoint, permiti\u00e9ndote acceder y gestionar la informaci\u00f3n de clientes, documentos y datos clave desde un mismo lugar sin necesidad de herramientas adicionales.<\/p>\n\n<\/div>\n<\/div>\n<div id=\"faq-question-1739147975437\" class=\"rank-math-list-item\">\n<h3 class=\"rank-math-question\">\u00bfEs necesario instalar alg\u00fan software adicional para utilizarlo?<\/h3>\n<div class=\"rank-math-answer\">\n\n<p>No, Klaud-IA Integrated CRM est\u00e1 dise\u00f1ado para ser una soluci\u00f3n ligera y basada en la nube, lo que significa que no necesitas instalaciones locales. Simplemente accede a trav\u00e9s de tu navegador web o dispositivo m\u00f3vil.<\/p>\n\n<\/div>\n<\/div>\n<div id=\"faq-question-1739147984960\" class=\"rank-math-list-item\">\n<h3 class=\"rank-math-question\">\u00bfEs compatible con dispositivos m\u00f3viles?<\/h3>\n<div class=\"rank-math-answer\">\n\n<p>S\u00ed, Klaud-IA Integrated CRM es completamente accesible desde dispositivos m\u00f3viles, lo que te permite gestionar contactos, registros y oportunidades de venta desde cualquier lugar.<\/p>\n\n<\/div>\n<\/div>\n<div id=\"faq-question-1739147994040\" class=\"rank-math-list-item\">\n<h3 class=\"rank-math-question\">\u00bfCu\u00e1nto tiempo toma la implementaci\u00f3n?<\/h3>\n<div class=\"rank-math-answer\">\n\n<p>Gracias a su integraci\u00f3n nativa con Office 365 y SharePoint, la implementaci\u00f3n es r\u00e1pida y sencilla. Dependiendo de los requisitos espec\u00edficos, puedes tenerlo funcionando en cuesti\u00f3n de d\u00edas.<\/p>\n\n<\/div>\n<\/div>\n<div id=\"faq-question-1739148007825\" class=\"rank-math-list-item\">\n<h3 class=\"rank-math-question\">\u00bfQu\u00e9 medidas de seguridad ofrece para proteger mis datos?<\/h3>\n<div class=\"rank-math-answer\">\n\n<p>Utilizamos medidas avanzadas de seguridad, como cifrado de datos, autenticaci\u00f3n segura y controles de acceso personalizados. Esto garantiza que solo los usuarios autorizados puedan acceder a la informaci\u00f3n sensible.<\/p>\n\n<\/div>\n<\/div>\n<div id=\"faq-question-1739148016132\" class=\"rank-math-list-item\">\n<h3 class=\"rank-math-question\">\u00bfPuedo personalizar los flujos de trabajo dentro del CRM?<\/h3>\n<div class=\"rank-math-answer\">\n\n<p>S\u00ed, Klaud-IA Integrated CRM te permite personalizar flujos de trabajo, automatizaciones y notificaciones para adaptarse a las necesidades espec\u00edficas de tu negocio.<\/p>\n\n<\/div>\n<\/div>\n<div id=\"faq-question-1739148025284\" class=\"rank-math-list-item\">\n<h3 class=\"rank-math-question\">\u00bfOfrecen soporte y formaci\u00f3n para nuevos usuarios?<\/h3>\n<div class=\"rank-math-answer\">\n\n<p>S\u00ed, ofrecemos soporte t\u00e9cnico y formaci\u00f3n para garantizar que tu equipo pueda aprovechar al m\u00e1ximo el sistema desde el primer d\u00eda. Tambi\u00e9n contamos con recursos adicionales como documentaci\u00f3n y gu\u00edas pr\u00e1cticas.<\/p>\n\n<\/div>\n<\/div>\n<\/div>\n<\/div>\n<\/div>\n<\/div>\n\n<div class=\"gb-container gb-container-a3c3b0a5\">\n<div class=\"gb-container gb-container-8a99afa4\" id=\"contacto\">\n\n<h3 class=\"gb-headline gb-headline-147ee233\"><span class=\"gb-icon\"><svg xmlns=\"http:\/\/www.w3.org\/2000\/svg\" viewbox=\"0 0 8.145 54.189\"><path d=\"M4.262 40.052V0l-.439.438v39.613l.439.001zm-.439 3.853v9.845l.438.438.001-10.284-.439.001zm3.883-11.29v17.518l.439-.439V32.615h-.439zm0-8.273h.439V9.495l-.439-.439v15.286zM.439 21.074V4.056L0 4.495l.001 16.579h.438zm.001 6.274l-.439-.001v19.347l.439.439V27.348z\"><\/path><\/svg><\/span><span class=\"gb-headline-text\">\u00bfListo para optimizar tu gesti\u00f3n empresarial?<\/span><\/h3>\n\n\n<div class=\"gb-grid-wrapper gb-grid-wrapper-66d978b5\">\n<div class=\"gb-grid-column gb-grid-column-508cd428\"><div class=\"gb-container gb-container-508cd428\">\n\n<p>Descubre c\u00f3mo <strong>Klaud-IA Integrated CRM<\/strong> puede transformar la forma en que trabajas con tus contactos, etc. y agiliza tus procesos empresariales.<\/p>\n\n\n\n<p>Ponte en contacto con nosotros para una consulta personalizada o solicita una demo gratuita y empieza a experimentar los beneficios de la automatizaci\u00f3n hoy mismo.<\/p>\n\n<\/div><\/div>\n\n<div class=\"gb-grid-column gb-grid-column-272fc48e\"><div class=\"gb-container gb-container-272fc48e\">\n<p>[hubspot type=\u00bbform\u00bb portal=\u00bb49373576&#8243; id=\u00bb565b1138-0c10-4bcd-9f45-ea433e2ce13e\u00bb]<\/p>\n\n<\/div><\/div>\n<\/div>\n<\/div>\n<\/div>","protected":false},"excerpt":{"rendered":"<p>La gesti\u00f3n de clientes, simplificada y optimizada con Klaud-IA Integrated CRM. Un CRM ligero, eficiente y totalmente integrado con Office 365 y SharePoint. Klaud-IA Integrated CRM se integra perfectamente con Office 365 y SharePoint para optimizar tu productividad y colaboraci\u00f3n. Los Beneficios de Nuestras Soluciones para tu Negocio Integraci\u00f3n perfecta con Office 365 y SharePoint &#8230; <a title=\"Klaud-IA Integrated CRM\" class=\"read-more\" href=\"https:\/\/klaud-ia.com\/en\/soluciones\/klaud-ia-integrated-crm\/\" aria-label=\"Read more about Klaud-IA Integrated CRM\">Read more<\/a><\/p>","protected":false},"author":1,"featured_media":0,"parent":1137,"menu_order":0,"comment_status":"closed","ping_status":"closed","template":"","meta":{"footnotes":""},"class_list":["post-1291","page","type-page","status-publish"],"_links":{"self":[{"href":"https:\/\/klaud-ia.com\/en\/wp-json\/wp\/v2\/pages\/1291","targetHints":{"allow":["GET"]}}],"collection":[{"href":"https:\/\/klaud-ia.com\/en\/wp-json\/wp\/v2\/pages"}],"about":[{"href":"https:\/\/klaud-ia.com\/en\/wp-json\/wp\/v2\/types\/page"}],"author":[{"embeddable":true,"href":"https:\/\/klaud-ia.com\/en\/wp-json\/wp\/v2\/users\/1"}],"replies":[{"embeddable":true,"href":"https:\/\/klaud-ia.com\/en\/wp-json\/wp\/v2\/comments?post=1291"}],"version-history":[{"count":33,"href":"https:\/\/klaud-ia.com\/en\/wp-json\/wp\/v2\/pages\/1291\/revisions"}],"predecessor-version":[{"id":1421,"href":"https:\/\/klaud-ia.com\/en\/wp-json\/wp\/v2\/pages\/1291\/revisions\/1421"}],"up":[{"embeddable":true,"href":"https:\/\/klaud-ia.com\/en\/wp-json\/wp\/v2\/pages\/1137"}],"wp:attachment":[{"href":"https:\/\/klaud-ia.com\/en\/wp-json\/wp\/v2\/media?parent=1291"}],"curies":[{"name":"wp","href":"https:\/\/api.w.org\/{rel}","templated":true}]}}